{"id":1099,"date":"2023-12-10T20:26:22","date_gmt":"2023-12-10T19:26:22","guid":{"rendered":"https:\/\/grain2folie.com\/WordPress2\/?page_id=1099"},"modified":"2025-06-12T08:47:22","modified_gmt":"2025-06-12T06:47:22","slug":"yvon-carpier","status":"publish","type":"page","link":"https:\/\/grain2folie.com\/WordPress2\/yvon-carpier\/","title":{"rendered":"Yvon"},"content":{"rendered":"<div class=\"wp-block-image is-style-rounded\">\n<figure class=\"aligncenter size-large is-resized\"><a href=\"https:\/\/grain2folie.com\/WordPress2\/wp-content\/uploads\/2023\/12\/Portrait-Yvon-Carpier-scaled.jpg\"><img loading=\"lazy\" decoding=\"async\" width=\"808\" height=\"1024\" src=\"https:\/\/grain2folie.com\/WordPress2\/wp-content\/uploads\/2023\/12\/Portrait-Yvon-Carpier-808x1024.jpg\" alt=\"\" class=\"wp-image-1100\" style=\"width:363px;height:460px\" srcset=\"https:\/\/grain2folie.com\/WordPress2\/wp-content\/uploads\/2023\/12\/Portrait-Yvon-Carpier-808x1024.jpg 808w, https:\/\/grain2folie.com\/WordPress2\/wp-content\/uploads\/2023\/12\/Portrait-Yvon-Carpier-237x300.jpg 237w, https:\/\/grain2folie.com\/WordPress2\/wp-content\/uploads\/2023\/12\/Portrait-Yvon-Carpier-768x973.jpg 768w, https:\/\/grain2folie.com\/WordPress2\/wp-content\/uploads\/2023\/12\/Portrait-Yvon-Carpier-1212x1536.jpg 1212w, https:\/\/grain2folie.com\/WordPress2\/wp-content\/uploads\/2023\/12\/Portrait-Yvon-Carpier-1616x2048.jpg 1616w, https:\/\/grain2folie.com\/WordPress2\/wp-content\/uploads\/2023\/12\/Portrait-Yvon-Carpier-scaled.jpg 2020w\" sizes=\"auto, (max-width: 767px) 89vw, (max-width: 1000px) 54vw, (max-width: 1071px) 543px, 580px\" \/><\/a><\/figure>\n<\/div>\n\n\n<h1 class=\"wp-block-heading has-text-align-center\">Exp\u00e9riences professionnelles<\/h1>\n\n\n\n<h2 class=\"wp-block-heading\"><em><strong>Com\u00e9dien<\/strong><\/em><strong>&nbsp;:<\/strong><\/h2>\n\n\n\n<ul class=\"wp-block-list\">\n<li>Le choix de Jean-Marc Magnoni mise en sc\u00e8ne Grain2Folie<\/li>\n\n\n\n<li>La piste aux espoirs de R\u00e9mi Viallet mise en sc\u00e8ne Joeffrey Carr\u00e9<\/li>\n\n\n\n<li>La Cuisine par la compagnie l&rsquo;\u00e9quivOque mise en sc\u00e8ne de Joeffrey Carr\u00e9<\/li>\n\n\n\n<li>Rendez-vous dans cent ans de J-M. Magnoni mise en sc\u00e8ne de J\u00e9r\u00f4me Paquatte et \u00c9ric H\u00e9non<\/li>\n\n\n\n<li>Les Folies M\u00e9li\u00e8s (spectacle magie\/th\u00e9\u00e2tre) de Fran\u00e7ois Normag assist\u00e9 de Patrice Vrain Perrault<\/li>\n\n\n\n<li>Faites comme chez vous&nbsp;!!! de Jean Barbier mise en sc\u00e8ne&nbsp;: \u00c9ric H\u00e9non<\/li>\n\n\n\n<li>Le Bug de No\u00ebl(spectacle pour enfants) auteur, interpr\u00e8te et metteur en sc\u00e8ne<\/li>\n\n\n\n<li>Cicatricesde JM Magnoni mise en sc\u00e8ne&nbsp;: Gratiane De Rigaud et \u00c9ric H\u00e9non<\/li>\n\n\n\n<li>Tout baignemise en sc\u00e8ne&nbsp;: Cathy Guillemin<\/li>\n\n\n\n<li>La brigade des tigressesde Gilles Gressard mise en sc\u00e8ne&nbsp;: \u00c9ric H\u00e9non<\/li>\n\n\n\n<li>La piste aux espoirs de R\u00e9mi Viallet<\/li>\n\n\n\n<li>Samuel dans l\u2019\u00eele de Jean-Claude Deret-Breitmann mise en sc\u00e8ne&nbsp;: Sonia Vollereaux (<em><u>Nomination Moli\u00e8res 2006 cat\u00e9gorie Grand Prix Sp\u00e9cial du Jury)<\/u><\/em><\/li>\n\n\n\n<li>Jeu set et match Auteur et metteur en sc\u00e8ne&nbsp;: R\u00e9mi Viallet<\/li>\n\n\n\n<li>Les serments indiscrets de Marivaux mise en sc\u00e8ne par Fred\u00e9ric Jacquot<\/li>\n<\/ul>\n\n\n\n<h2 class=\"wp-block-heading\"><em><strong>Mise en sc\u00e8ne&nbsp;:<\/strong><\/em><\/h2>\n\n\n\n<ul class=\"wp-block-list\">\n<li>Le Bug de No\u00ebl metteur en sc\u00e8ne (spectacle jeune public en tourn\u00e9e)<\/li>\n\n\n\n<li>Handilettres metteur en sc\u00e8ne (spectacle de sensibilisation au Handicap pour les scolaires)<\/li>\n\n\n\n<li>Imaginarius metteur en sc\u00e8ne (spectacle jeune public en tourn\u00e9e)<\/li>\n\n\n\n<li>La cuisine assistant mise en sc\u00e8ne (com\u00e9die dramatique jou\u00e9e en tourn\u00e9e)<\/li>\n\n\n\n<li>Handisketch metteur en sc\u00e8ne (spectacle de sensibilisation au Handicap en entreprise)<\/li>\n\n\n\n<li>La piste aux espoirs assistant mise en sc\u00e8ne (pi\u00e8ce jou\u00e9e en tourn\u00e9e et au Guichet Montparnasse Paris)<\/li>\n<\/ul>\n\n\n\n<h2 class=\"wp-block-heading\"><em><strong>Cin\u00e9ma\/T\u00e9l\u00e9vision\/Web <\/strong><\/em><strong>:<\/strong><\/h2>\n\n\n\n<ul class=\"wp-block-list\">\n<li>Vicks (TV)&nbsp; r\u00e9alisation Romain Kunstlinger<\/li>\n\n\n\n<li>Plombier.com (TV)&nbsp; r\u00e9alisation Monsieur Monsieur<\/li>\n\n\n\n<li>Nexity (instit.)<strong>&nbsp; <\/strong>r\u00e9alisation Damien Poirot<\/li>\n\n\n\n<li>Leclerc Star Wars (Web)<strong>&nbsp; <\/strong>r\u00e9alisation Tom Evrard<\/li>\n\n\n\n<li>CHEFS (France2) chauffeur M.Edouard r\u00e9alisation A. Malherbe\/C. Cornillac<\/li>\n\n\n\n<li>VALERIAN (long m\u00e9trage)doublure Clive Owen r\u00e9alisation Luc Besson<\/li>\n\n\n\n<li>Pick Me Cab (Web) r\u00e9alisation Monkyshot<\/li>\n\n\n\n<li>Pub Atol Opticien r\u00e9alisation Thierry Vergnes<\/li>\n\n\n\n<li>La loi d&rsquo;Alexandre (France3) r\u00f4le du juge r\u00e9alisation Claude-Michel Rome<\/li>\n\n\n\n<li>PRES DE MOI (long m\u00e9trage) r\u00f4le de Maxr\u00e9alisation Alex Gu\u00e9ry<\/li>\n\n\n\n<li>Pub UEFA Volontaires 2016 r\u00e9alisation Franck Allera<\/li>\n\n\n\n<li>Pub Web Citro\u00ebn r\u00e9alisation Ben Soucheleau<\/li>\n\n\n\n<li>Pub web KIA r\u00e9alisation Quentin Lecocq<\/li>\n\n\n\n<li>Pub web Adrexo r\u00e9alisation Quentin Lecocq<\/li>\n\n\n\n<li>Pub Verisure r\u00e9alisation Eric Perruchon<\/li>\n\n\n\n<li>Pub Compactorr\u00e9alisation Franck Allera<\/li>\n\n\n\n<li>NOS CHERS VOISINS (TF1) r\u00f4le du m\u00e9decin r\u00e9alisation Stephan Kopecky<\/li>\n<\/ul>\n\n\n\n<h2 class=\"wp-block-heading\">FORMATIONS ARTISTIQUES<\/h2>\n\n\n\n<ul class=\"wp-block-list\">\n<li><em>Formation th\u00e9\u00e2trale<\/em> au cours <strong>RAYMOND GIRARD A.C.T.<\/strong><\/li>\n\n\n\n<li><em>Formation du com\u00e9dien<\/em> en travail avanc\u00e9 \u00e0<strong> l\u2019A.I.T. de Blanche Salant et Paul Weaver<\/strong><\/li>\n\n\n\n<li><em>Mime<\/em>: 2 ans \u00e0 l\u2019\u00c9cole de Toulon (sc\u00e8ne) professeur M.Marty \u00e9l\u00e8ve du Mime Marceau<\/li>\n<\/ul>\n\n\n\n<p>Retrouvez Yvon Carpier dans sa nouvelle activit\u00e9 d&rsquo;\u00e9nerg\u00e9ticien en cliquant sur son nom<\/p>\n\n\n\n<figure class=\"wp-block-embed is-type-wp-embed is-provider-accueillir-sa-gu-rison wp-block-embed-accueillir-sa-gu-rison\"><div class=\"wp-block-embed__wrapper\">\n<blockquote class=\"wp-embedded-content\" data-secret=\"AMSgOzlaVP\"><a href=\"https:\/\/accueillirsaguerison.com\/page-d-exemple\">Yvon Carpier&#8230;<\/a><\/blockquote><iframe loading=\"lazy\" class=\"wp-embedded-content\" sandbox=\"allow-scripts\" security=\"restricted\" style=\"position: absolute; visibility: hidden;\" title=\"\u00ab\u00a0Yvon Carpier&#8230;\u00a0\u00bb &#8212; Accueillir sa gu\u00e9rison\" src=\"https:\/\/accueillirsaguerison.com\/page-d-exemple\/embed#?secret=03JCx5ZJCQ#?secret=AMSgOzlaVP\" data-secret=\"AMSgOzlaVP\" width=\"525\" height=\"296\" frameborder=\"0\" marginwidth=\"0\" marginheight=\"0\" scrolling=\"no\"><\/iframe>\n<\/div><\/figure>\n","protected":false},"excerpt":{"rendered":"<p>Exp\u00e9riences professionnelles Com\u00e9dien&nbsp;: Mise en sc\u00e8ne&nbsp;: Cin\u00e9ma\/T\u00e9l\u00e9vision\/Web : FORMATIONS ARTISTIQUES Retrouvez Yvon Carpier dans sa nouvelle activit\u00e9 d&rsquo;\u00e9nerg\u00e9ticien en cliquant sur son nom<\/p>\n","protected":false},"author":1,"featured_media":0,"parent":0,"menu_order":0,"comment_status":"closed","ping_status":"closed","template":"","meta":{"footnotes":""},"class_list":["post-1099","page","type-page","status-publish","hentry"],"_links":{"self":[{"href":"https:\/\/grain2folie.com\/WordPress2\/wp-json\/wp\/v2\/pages\/1099","targetHints":{"allow":["GET"]}}],"collection":[{"href":"https:\/\/grain2folie.com\/WordPress2\/wp-json\/wp\/v2\/pages"}],"about":[{"href":"https:\/\/grain2folie.com\/WordPress2\/wp-json\/wp\/v2\/types\/page"}],"author":[{"embeddable":true,"href":"https:\/\/grain2folie.com\/WordPress2\/wp-json\/wp\/v2\/users\/1"}],"replies":[{"embeddable":true,"href":"https:\/\/grain2folie.com\/WordPress2\/wp-json\/wp\/v2\/comments?post=1099"}],"version-history":[{"count":12,"href":"https:\/\/grain2folie.com\/WordPress2\/wp-json\/wp\/v2\/pages\/1099\/revisions"}],"predecessor-version":[{"id":1189,"href":"https:\/\/grain2folie.com\/WordPress2\/wp-json\/wp\/v2\/pages\/1099\/revisions\/1189"}],"wp:attachment":[{"href":"https:\/\/grain2folie.com\/WordPress2\/wp-json\/wp\/v2\/media?parent=1099"}],"curies":[{"name":"wp","href":"https:\/\/api.w.org\/{rel}","templated":true}]}}