{"id":113,"date":"2014-01-16T21:33:21","date_gmt":"2014-01-16T20:33:21","guid":{"rendered":"http:\/\/grain2folie.com\/WordPress3\/?page_id=113"},"modified":"2022-05-24T18:54:59","modified_gmt":"2022-05-24T16:54:59","slug":"presentation","status":"publish","type":"page","link":"https:\/\/grain2folie.com\/WordPress2\/presentation\/","title":{"rendered":"Pr\u00e9sentation"},"content":{"rendered":"<p>L&rsquo;association Grain2Folie est n\u00e9e d&rsquo;un besoin de fonder une structure, afin de cr\u00e9er un spectacle de th\u00e9\u00e2tre pour des repr\u00e9sentations en 2004.<\/p>\n<p>Cette com\u00e9die<strong><em> \u00ab\u00a0Jeu set et match\u00a0\u00bb<\/em><\/strong> a d\u00e9marr\u00e9 de belle mani\u00e8re la Vie de Grain2Folie, gr\u00e2ce \u00e0 une troupe de com\u00e9diens et com\u00e9diennes talentueux, qui ont fait de cette pi\u00e8ce un des plus beaux succ\u00e8s du th\u00e9\u00e2tre <strong>Le Guichet Montparnasse.<\/strong><\/p>\n<p>Depuis quelques ann\u00e9es, l&rsquo;association a d\u00e9cid\u00e9 de prendre plus d&rsquo;ampleur en se diversifiant. Continuer de cr\u00e9er des spectacles est une constante mais en visant des publics diff\u00e9rents.<\/p>\n<p>C&rsquo;est dans cette dynamique que nous avons cr\u00e9er le spectacle pour enfants :<em><strong> \u00ab\u00a0Le Bug de No\u00ebl\u00a0\u00bb<\/strong> . <\/em>Et ensuite la pi\u00e8ce <strong><em>\u00ab\u00a0Imaginarius\u00a0\u00bb<\/em>.<\/strong><\/p>\n<p>Nous avons \u00e9galement d\u00e9velopp\u00e9 des animations pour les entreprises en cr\u00e9ant<strong><em> \u00ab\u00a0Les Handisketchs\u00a0\u00bb<\/em><\/strong>\u00a0: des sayn\u00e8tes de sensibilisation sur\u00a0le th\u00e8me du handicap. Puis en d\u00e9veloppant une pi\u00e8ce de th\u00e9\u00e2tre sur la m\u00eame th\u00e9matique appel\u00e9e : <strong><em>\u00ab\u00a0Handilettres\u00a0\u00bb<\/em><\/strong>.<\/p>\n<p>Nous sommes aussi pr\u00e9sents pour apporter notre passion dans les \u00e9coles en aidant les enseignants dans leur d\u00e9marche de valoriser le Th\u00e9\u00e2tre.<\/p>\n<p>Et nous continuons de d\u00e9fendre la cr\u00e9ation du Th\u00e9\u00e2tre que nous aimons, comme avec la com\u00e9die <em><strong>\u00ab\u00a0Rendez-vous dans 100 ans\u00a0\u00bb <\/strong><\/em>de Jean-Marc Magnoni (depuis 2015), <strong><em>\u00ab\u00a0Pour ses beaux yeux\u00a0\u00bb\u00a0<\/em><\/strong>de Ren\u00e9 De Obaldia (cr\u00e9ation 2018), ou encore <em><strong>\u00ab\u00a0Le choix\u00a0\u00bb <\/strong><\/em>notre derni\u00e8re cr\u00e9ation de 2021.<\/p>\n<p>Toujours guid\u00e9 dans une passion, une envie de partage, et dans le soin de faire rayonner de belles vibrations&#8230;Comme le r\u00e9sume si bien notre petite maxime : <strong><em>Grain2Folie, du th\u00e9\u00e2tre en bonne compagnie !<\/em><\/strong><\/p>\n\n\n<p><\/p>\n","protected":false},"excerpt":{"rendered":"<p>L&rsquo;association Grain2Folie est n\u00e9e d&rsquo;un besoin de fonder une structure, afin de cr\u00e9er un spectacle de th\u00e9\u00e2tre pour des repr\u00e9sentations en 2004. Cette com\u00e9die \u00ab\u00a0Jeu set et match\u00a0\u00bb a d\u00e9marr\u00e9 de belle mani\u00e8re la Vie de Grain2Folie, gr\u00e2ce \u00e0 une troupe de com\u00e9diens et com\u00e9diennes talentueux, qui ont fait de cette pi\u00e8ce un des plus &hellip; <\/p>\n<p class=\"link-more\"><a href=\"https:\/\/grain2folie.com\/WordPress2\/presentation\/\" class=\"more-link\">Continuer la lecture<span class=\"screen-reader-text\"> de &laquo;&nbsp;Pr\u00e9sentation&nbsp;&raquo;<\/span><\/a><\/p>\n","protected":false},"author":1,"featured_media":0,"parent":0,"menu_order":0,"comment_status":"open","ping_status":"open","template":"","meta":{"footnotes":""},"class_list":["post-113","page","type-page","status-publish","hentry"],"_links":{"self":[{"href":"https:\/\/grain2folie.com\/WordPress2\/wp-json\/wp\/v2\/pages\/113","targetHints":{"allow":["GET"]}}],"collection":[{"href":"https:\/\/grain2folie.com\/WordPress2\/wp-json\/wp\/v2\/pages"}],"about":[{"href":"https:\/\/grain2folie.com\/WordPress2\/wp-json\/wp\/v2\/types\/page"}],"author":[{"embeddable":true,"href":"https:\/\/grain2folie.com\/WordPress2\/wp-json\/wp\/v2\/users\/1"}],"replies":[{"embeddable":true,"href":"https:\/\/grain2folie.com\/WordPress2\/wp-json\/wp\/v2\/comments?post=113"}],"version-history":[{"count":13,"href":"https:\/\/grain2folie.com\/WordPress2\/wp-json\/wp\/v2\/pages\/113\/revisions"}],"predecessor-version":[{"id":910,"href":"https:\/\/grain2folie.com\/WordPress2\/wp-json\/wp\/v2\/pages\/113\/revisions\/910"}],"wp:attachment":[{"href":"https:\/\/grain2folie.com\/WordPress2\/wp-json\/wp\/v2\/media?parent=113"}],"curies":[{"name":"wp","href":"https:\/\/api.w.org\/{rel}","templated":true}]}}