{"id":1154,"date":"2024-01-16T10:12:24","date_gmt":"2024-01-16T09:12:24","guid":{"rendered":"https:\/\/grain2folie.com\/WordPress2\/?page_id=1154"},"modified":"2024-01-16T10:12:24","modified_gmt":"2024-01-16T09:12:24","slug":"theatre-a-domicile","status":"publish","type":"page","link":"https:\/\/grain2folie.com\/WordPress2\/theatre-a-domicile\/","title":{"rendered":"Th\u00e9\u00e2tre \u00e0 domicile"},"content":{"rendered":"\n<h2 class=\"wp-block-heading has-text-align-center\">Grain2Folie chez vous !<\/h2>\n\n\n\n<p><\/p>\n","protected":false},"excerpt":{"rendered":"<p>Grain2Folie chez vous !<\/p>\n","protected":false},"author":1,"featured_media":0,"parent":0,"menu_order":0,"comment_status":"closed","ping_status":"closed","template":"","meta":{"footnotes":""},"class_list":["post-1154","page","type-page","status-publish","hentry"],"_links":{"self":[{"href":"https:\/\/grain2folie.com\/WordPress2\/wp-json\/wp\/v2\/pages\/1154","targetHints":{"allow":["GET"]}}],"collection":[{"href":"https:\/\/grain2folie.com\/WordPress2\/wp-json\/wp\/v2\/pages"}],"about":[{"href":"https:\/\/grain2folie.com\/WordPress2\/wp-json\/wp\/v2\/types\/page"}],"author":[{"embeddable":true,"href":"https:\/\/grain2folie.com\/WordPress2\/wp-json\/wp\/v2\/users\/1"}],"replies":[{"embeddable":true,"href":"https:\/\/grain2folie.com\/WordPress2\/wp-json\/wp\/v2\/comments?post=1154"}],"version-history":[{"count":2,"href":"https:\/\/grain2folie.com\/WordPress2\/wp-json\/wp\/v2\/pages\/1154\/revisions"}],"predecessor-version":[{"id":1161,"href":"https:\/\/grain2folie.com\/WordPress2\/wp-json\/wp\/v2\/pages\/1154\/revisions\/1161"}],"wp:attachment":[{"href":"https:\/\/grain2folie.com\/WordPress2\/wp-json\/wp\/v2\/media?parent=1154"}],"curies":[{"name":"wp","href":"https:\/\/api.w.org\/{rel}","templated":true}]}}