{"id":1174,"date":"2024-10-31T09:22:27","date_gmt":"2024-10-31T08:22:27","guid":{"rendered":"https:\/\/grain2folie.com\/WordPress2\/?page_id=1174"},"modified":"2024-10-31T09:22:27","modified_gmt":"2024-10-31T08:22:27","slug":"syl-te-plait","status":"publish","type":"page","link":"https:\/\/grain2folie.com\/WordPress2\/syl-te-plait\/","title":{"rendered":"Syl te pla\u00eet"},"content":{"rendered":"\n<p>Syl te pla\u00eet est notre derni\u00e8re cr\u00e9ation de 2024. Spectacle jeune public de 3 \u00e0 133 ans !<\/p>\n\n\n<div class=\"wp-block-image\">\n<figure class=\"aligncenter size-large is-resized\"><a href=\"https:\/\/grain2folie.com\/WordPress2\/wp-content\/uploads\/2024\/10\/AFFICHE-SYL-TE-PLAIT-normal-en-rvb-jpeg-scaled.jpg\"><img loading=\"lazy\" decoding=\"async\" width=\"728\" height=\"1024\" src=\"https:\/\/grain2folie.com\/WordPress2\/wp-content\/uploads\/2024\/10\/AFFICHE-SYL-TE-PLAIT-normal-en-rvb-jpeg-728x1024.jpg\" alt=\"\" class=\"wp-image-1175\" style=\"width:447px;height:auto\" srcset=\"https:\/\/grain2folie.com\/WordPress2\/wp-content\/uploads\/2024\/10\/AFFICHE-SYL-TE-PLAIT-normal-en-rvb-jpeg-728x1024.jpg 728w, https:\/\/grain2folie.com\/WordPress2\/wp-content\/uploads\/2024\/10\/AFFICHE-SYL-TE-PLAIT-normal-en-rvb-jpeg-213x300.jpg 213w, https:\/\/grain2folie.com\/WordPress2\/wp-content\/uploads\/2024\/10\/AFFICHE-SYL-TE-PLAIT-normal-en-rvb-jpeg-768x1080.jpg 768w, https:\/\/grain2folie.com\/WordPress2\/wp-content\/uploads\/2024\/10\/AFFICHE-SYL-TE-PLAIT-normal-en-rvb-jpeg-1093x1536.jpg 1093w, https:\/\/grain2folie.com\/WordPress2\/wp-content\/uploads\/2024\/10\/AFFICHE-SYL-TE-PLAIT-normal-en-rvb-jpeg-1457x2048.jpg 1457w, https:\/\/grain2folie.com\/WordPress2\/wp-content\/uploads\/2024\/10\/AFFICHE-SYL-TE-PLAIT-normal-en-rvb-jpeg-scaled.jpg 1821w\" sizes=\"auto, (max-width: 728px) 100vw, 728px\" \/><\/a><\/figure>\n<\/div>\n\n\n<div data-wp-interactive=\"core\/file\" class=\"wp-block-file\"><object data-wp-bind--hidden=\"!state.hasPdfPreview\" hidden class=\"wp-block-file__embed\" data=\"https:\/\/grain2folie.com\/WordPress2\/wp-content\/uploads\/2024\/10\/Dossier-presentation-Syl-te-plait.pdf\" type=\"application\/pdf\" style=\"width:100%;height:600px\" aria-label=\"Contenu embarqu\u00e9 Dossier pr\u00e9sentation Syl te plait.\"><\/object><a id=\"wp-block-file--media-be20024e-b976-4611-9c15-bca1e31e94a9\" href=\"https:\/\/grain2folie.com\/WordPress2\/wp-content\/uploads\/2024\/10\/Dossier-presentation-Syl-te-plait.pdf\">Dossier pr\u00e9sentation Syl te plait<\/a><a href=\"https:\/\/grain2folie.com\/WordPress2\/wp-content\/uploads\/2024\/10\/Dossier-presentation-Syl-te-plait.pdf\" class=\"wp-block-file__button wp-element-button\" download aria-describedby=\"wp-block-file--media-be20024e-b976-4611-9c15-bca1e31e94a9\">T\u00e9l\u00e9charger<\/a><\/div>\n","protected":false},"excerpt":{"rendered":"<p>Syl te pla\u00eet est notre derni\u00e8re cr\u00e9ation de 2024. Spectacle jeune public de 3 \u00e0 133 ans !<\/p>\n","protected":false},"author":1,"featured_media":0,"parent":0,"menu_order":0,"comment_status":"closed","ping_status":"closed","template":"","meta":{"footnotes":""},"class_list":["post-1174","page","type-page","status-publish","hentry"],"_links":{"self":[{"href":"https:\/\/grain2folie.com\/WordPress2\/wp-json\/wp\/v2\/pages\/1174","targetHints":{"allow":["GET"]}}],"collection":[{"href":"https:\/\/grain2folie.com\/WordPress2\/wp-json\/wp\/v2\/pages"}],"about":[{"href":"https:\/\/grain2folie.com\/WordPress2\/wp-json\/wp\/v2\/types\/page"}],"author":[{"embeddable":true,"href":"https:\/\/grain2folie.com\/WordPress2\/wp-json\/wp\/v2\/users\/1"}],"replies":[{"embeddable":true,"href":"https:\/\/grain2folie.com\/WordPress2\/wp-json\/wp\/v2\/comments?post=1174"}],"version-history":[{"count":1,"href":"https:\/\/grain2folie.com\/WordPress2\/wp-json\/wp\/v2\/pages\/1174\/revisions"}],"predecessor-version":[{"id":1177,"href":"https:\/\/grain2folie.com\/WordPress2\/wp-json\/wp\/v2\/pages\/1174\/revisions\/1177"}],"wp:attachment":[{"href":"https:\/\/grain2folie.com\/WordPress2\/wp-json\/wp\/v2\/media?parent=1174"}],"curies":[{"name":"wp","href":"https:\/\/api.w.org\/{rel}","templated":true}]}}