{"id":130,"date":"2014-01-17T18:40:06","date_gmt":"2014-01-17T17:40:06","guid":{"rendered":"http:\/\/grain2folie.com\/WordPress3\/?page_id=130"},"modified":"2023-07-29T10:12:09","modified_gmt":"2023-07-29T08:12:09","slug":"contact","status":"publish","type":"page","link":"https:\/\/grain2folie.com\/WordPress2\/contact\/","title":{"rendered":"Contacts"},"content":{"rendered":"<h5 style=\"text-align: center;\"><strong>Si vous souhaitez nous contacter pour des devis, commandes, r\u00e9servations de spectacles,\u00a0<span style=\"line-height: 1.5;\">plus d&rsquo;informations<\/span><span style=\"line-height: 1.5;\">\u00a0:\u00a0<\/span><\/strong><\/h5>\n<ul>\n<li>\n<h5>un mail : president@grain2folie.com<\/h5>\n<\/li>\n<li>\n<h5>un t\u00e9l\u00e9phone : 06 22 72 07 42<\/h5>\n<\/li>\n<\/ul>\n<h5 style=\"text-align: center;\">Merci et \u00e0 bient\u00f4t<\/h5>\n","protected":false},"excerpt":{"rendered":"<p>Si vous souhaitez nous contacter pour des devis, commandes, r\u00e9servations de spectacles,\u00a0plus d&rsquo;informations\u00a0:\u00a0 un mail : president@grain2folie.com un t\u00e9l\u00e9phone : 06 22 72 07 42 Merci et \u00e0 bient\u00f4t<\/p>\n","protected":false},"author":1,"featured_media":0,"parent":0,"menu_order":0,"comment_status":"open","ping_status":"open","template":"","meta":{"footnotes":""},"class_list":["post-130","page","type-page","status-publish","hentry"],"_links":{"self":[{"href":"https:\/\/grain2folie.com\/WordPress2\/wp-json\/wp\/v2\/pages\/130","targetHints":{"allow":["GET"]}}],"collection":[{"href":"https:\/\/grain2folie.com\/WordPress2\/wp-json\/wp\/v2\/pages"}],"about":[{"href":"https:\/\/grain2folie.com\/WordPress2\/wp-json\/wp\/v2\/types\/page"}],"author":[{"embeddable":true,"href":"https:\/\/grain2folie.com\/WordPress2\/wp-json\/wp\/v2\/users\/1"}],"replies":[{"embeddable":true,"href":"https:\/\/grain2folie.com\/WordPress2\/wp-json\/wp\/v2\/comments?post=130"}],"version-history":[{"count":21,"href":"https:\/\/grain2folie.com\/WordPress2\/wp-json\/wp\/v2\/pages\/130\/revisions"}],"predecessor-version":[{"id":1061,"href":"https:\/\/grain2folie.com\/WordPress2\/wp-json\/wp\/v2\/pages\/130\/revisions\/1061"}],"wp:attachment":[{"href":"https:\/\/grain2folie.com\/WordPress2\/wp-json\/wp\/v2\/media?parent=130"}],"curies":[{"name":"wp","href":"https:\/\/api.w.org\/{rel}","templated":true}]}}