{"id":140,"date":"2014-01-20T15:08:01","date_gmt":"2014-01-20T14:08:01","guid":{"rendered":"http:\/\/grain2folie.com\/WordPress3\/?page_id=140"},"modified":"2019-09-18T09:07:25","modified_gmt":"2019-09-18T07:07:25","slug":"pret-a-jouer","status":"publish","type":"page","link":"https:\/\/grain2folie.com\/WordPress2\/pret-a-jouer\/","title":{"rendered":"Pi\u00e8ces de th\u00e9\u00e2tre"},"content":{"rendered":"<h5><em>Grain2Folie<\/em> vous propose des spectacles d\u00e9j\u00e0 pr\u00eats pour des repr\u00e9sentations :<\/h5>\n<ul>\n<li>\n<h5>Com\u00e9die : <em><strong>Rendez vous dans cent ans<\/strong><\/em><\/h5>\n<\/li>\n<li>\n<h5>Com\u00e9die romantique : <em><strong>La piste aux espoirs<\/strong><\/em><\/h5>\n<\/li>\n<li>\n<h5>Com\u00e9die dramatique : <em><strong>Cicatrices<\/strong><\/em><\/h5>\n<\/li>\n<li>\n<h5>Sensibilisation au Handicap<em><strong> : Handilettres<\/strong><\/em><\/h5>\n<\/li>\n<li>\n<h5>Spectacle de No\u00ebl : <strong><em>Le Bug de No\u00ebl<\/em><\/strong><\/h5>\n<\/li>\n<li>\n<h5>Spectacle jeune public : <strong><em>Imaginarius<\/em><\/strong><\/h5>\n<\/li>\n<\/ul>\n","protected":false},"excerpt":{"rendered":"<p>Grain2Folie vous propose des spectacles d\u00e9j\u00e0 pr\u00eats pour des repr\u00e9sentations : Com\u00e9die : Rendez vous dans cent ans Com\u00e9die romantique : La piste aux espoirs Com\u00e9die dramatique : Cicatrices Sensibilisation au Handicap : Handilettres Spectacle de No\u00ebl : Le Bug de No\u00ebl Spectacle jeune public : Imaginarius<\/p>\n","protected":false},"author":1,"featured_media":0,"parent":0,"menu_order":0,"comment_status":"open","ping_status":"open","template":"","meta":{"footnotes":""},"class_list":["post-140","page","type-page","status-publish","hentry"],"_links":{"self":[{"href":"https:\/\/grain2folie.com\/WordPress2\/wp-json\/wp\/v2\/pages\/140","targetHints":{"allow":["GET"]}}],"collection":[{"href":"https:\/\/grain2folie.com\/WordPress2\/wp-json\/wp\/v2\/pages"}],"about":[{"href":"https:\/\/grain2folie.com\/WordPress2\/wp-json\/wp\/v2\/types\/page"}],"author":[{"embeddable":true,"href":"https:\/\/grain2folie.com\/WordPress2\/wp-json\/wp\/v2\/users\/1"}],"replies":[{"embeddable":true,"href":"https:\/\/grain2folie.com\/WordPress2\/wp-json\/wp\/v2\/comments?post=140"}],"version-history":[{"count":14,"href":"https:\/\/grain2folie.com\/WordPress2\/wp-json\/wp\/v2\/pages\/140\/revisions"}],"predecessor-version":[{"id":820,"href":"https:\/\/grain2folie.com\/WordPress2\/wp-json\/wp\/v2\/pages\/140\/revisions\/820"}],"wp:attachment":[{"href":"https:\/\/grain2folie.com\/WordPress2\/wp-json\/wp\/v2\/media?parent=140"}],"curies":[{"name":"wp","href":"https:\/\/api.w.org\/{rel}","templated":true}]}}