{"id":159,"date":"2014-01-20T18:43:32","date_gmt":"2014-01-20T17:43:32","guid":{"rendered":"http:\/\/grain2folie.com\/WordPress3\/?page_id=159"},"modified":"2023-11-12T11:20:00","modified_gmt":"2023-11-12T10:20:00","slug":"accueil","status":"publish","type":"page","link":"https:\/\/grain2folie.com\/WordPress2\/","title":{"rendered":"Grain2Folie vous salue !"},"content":{"rendered":"\n<h5 class=\"wp-block-heading\">Nos spectacles actuellement&nbsp; en tourn\u00e9e :<\/h5>\n\n\n\n<p class=\"has-text-align-center has-luminous-vivid-orange-color has-white-background-color has-text-color has-background has-medium-font-size\"><strong>Le Bug de No\u00ebl<\/strong><\/p>\n\n\n\n<ul class=\"wp-block-list\">\n<li>9 D\u00e9cembre \u00e0 Saint Br\u00e9vin Les Pins : Le canotier \u00e0 15h<\/li>\n\n\n\n<li>17 D\u00e9cembre \u00e0 Luigny : salle des f\u00eates<\/li>\n\n\n\n<li>20 D\u00e9cembre dans le Gr\u00e9sivaudan  :  3 centres de Loisirs<\/li>\n\n\n\n<li>22 D\u00e9cembre au Versoud : 2 \u00e9coles<\/li>\n\n\n\n<li>23 D\u00e9cembre \u00e0 Theys \u00e0 10h : Salle Belledonne ; et \u00e0 Saint Cl\u00e9ment les Places \u00e0 18h : th\u00e9\u00e2tre<\/li>\n<\/ul>\n\n\n\n<p class=\"has-text-align-center has-vivid-green-cyan-color has-text-color has-medium-font-size\"><strong>Miel et Youni<\/strong><\/p>\n\n\n\n<ul class=\"wp-block-list\">\n<li>25 Octobre \u00e0 Saint Br\u00e9vin les Pins : Le canotier \u00e0 15h<\/li>\n\n\n\n<li>4 Janvier \u00e0 Saint Br\u00e9vin Les Pins : Le canotier \u00e0 10h et \u00e0 15h<\/li>\n\n\n\n<li>7 Janvier \u00e0 Vaux sur Seine : Salle Marcelle Cuche \u00e0 15h30<\/li>\n\n\n\n<li>1 Juin \u00e0 Toulouse : La com\u00e9die de la Roseraie \u00e0 10h30<\/li>\n<\/ul>\n\n\n\n<p class=\"has-text-align-center has-vivid-cyan-blue-color has-text-color has-medium-font-size\"><strong>Le Choix<\/strong><\/p>\n\n\n\n<ul class=\"wp-block-list\">\n<li>31 Janvier,  1 et 2 F\u00e9vrier \u00e0 Levallois : Th\u00e9\u00e2tre L&rsquo;Odyss\u00e9e \u00e0 20h30<\/li>\n\n\n\n<li>30, 31 Mai et 1 Juin \u00e0 Toulouse : La com\u00e9die de la Roseraie \u00e0 20h30<\/li>\n<\/ul>\n\n\n\n<h6 class=\"wp-block-heading\"> <\/h6>\n\n\n\n<p><\/p>\n\n\n\n<p><\/p>\n\n\n\n<h5 class=\"wp-block-heading\"><strong>Bonne visite sur notre site !<\/strong><\/h5>\n\n\n\n<h5 class=\"wp-block-heading\"><strong>Pour toute commande, rendez vous \u00e0 la rubrique <\/strong><em>contacts<\/em><\/h5>\n\n\n\n<h5 class=\"wp-block-heading\"><em>Grain2Folie<\/em><\/h5>\n","protected":false},"excerpt":{"rendered":"<p>Nos spectacles actuellement&nbsp; en tourn\u00e9e : Le Bug de No\u00ebl Miel et Youni Le Choix Bonne visite sur notre site ! Pour toute commande, rendez vous \u00e0 la rubrique contacts Grain2Folie<\/p>\n","protected":false},"author":1,"featured_media":0,"parent":0,"menu_order":0,"comment_status":"open","ping_status":"open","template":"","meta":{"footnotes":""},"class_list":["post-159","page","type-page","status-publish","hentry"],"_links":{"self":[{"href":"https:\/\/grain2folie.com\/WordPress2\/wp-json\/wp\/v2\/pages\/159","targetHints":{"allow":["GET"]}}],"collection":[{"href":"https:\/\/grain2folie.com\/WordPress2\/wp-json\/wp\/v2\/pages"}],"about":[{"href":"https:\/\/grain2folie.com\/WordPress2\/wp-json\/wp\/v2\/types\/page"}],"author":[{"embeddable":true,"href":"https:\/\/grain2folie.com\/WordPress2\/wp-json\/wp\/v2\/users\/1"}],"replies":[{"embeddable":true,"href":"https:\/\/grain2folie.com\/WordPress2\/wp-json\/wp\/v2\/comments?post=159"}],"version-history":[{"count":74,"href":"https:\/\/grain2folie.com\/WordPress2\/wp-json\/wp\/v2\/pages\/159\/revisions"}],"predecessor-version":[{"id":1084,"href":"https:\/\/grain2folie.com\/WordPress2\/wp-json\/wp\/v2\/pages\/159\/revisions\/1084"}],"wp:attachment":[{"href":"https:\/\/grain2folie.com\/WordPress2\/wp-json\/wp\/v2\/media?parent=159"}],"curies":[{"name":"wp","href":"https:\/\/api.w.org\/{rel}","templated":true}]}}