{"id":235,"date":"2015-12-03T15:42:52","date_gmt":"2015-12-03T14:42:52","guid":{"rendered":"http:\/\/grain2folie.com\/WordPress3\/?page_id=235"},"modified":"2023-07-29T10:19:41","modified_gmt":"2023-07-29T08:19:41","slug":"imaginarius","status":"publish","type":"page","link":"https:\/\/grain2folie.com\/WordPress2\/imaginarius\/","title":{"rendered":"Imaginarius&#8230;"},"content":{"rendered":"\n<h5 class=\"wp-block-heading has-text-align-center\">Spectacle pour enfants cr\u00e9\u00e9 en 2015.<\/h5>\n\n\n\n<p class=\"has-text-align-center\">\u00e0 partir de 6 ans<\/p>\n\n\n<div class=\"wp-block-image\">\n<figure class=\"aligncenter size-large is-resized\"><a href=\"https:\/\/grain2folie.com\/WordPress2\/wp-content\/uploads\/2022\/09\/Affiche-Imaginarius-1-scaled.jpg\"><img loading=\"lazy\" decoding=\"async\" src=\"https:\/\/grain2folie.com\/WordPress2\/wp-content\/uploads\/2022\/09\/Affiche-Imaginarius-1-683x1024.jpg\" alt=\"\" class=\"wp-image-944\" width=\"472\" height=\"706\"\/><\/a><\/figure>\n<\/div>\n\n\n<h5 class=\"wp-block-heading\"><em>Vous arrive-t-il de vous demander :&nbsp;<\/em><\/h5>\n\n\n\n<h5 class=\"wp-block-heading\"><em>Mais d&rsquo;o\u00f9 vient l&rsquo;imagination ?&nbsp;<\/em><\/h5>\n\n\n\n<h5 class=\"wp-block-heading\"><em>La po\u00e9sie, l&rsquo;humour, la cr\u00e9ativit\u00e9 sont-ils inn\u00e9s ?<\/em><\/h5>\n\n\n\n<h5 class=\"wp-block-heading\"><em>Quelle est cette petite voix qui nous inspire de bonnes id\u00e9es ?<\/em><\/h5>\n\n\n\n<h5 class=\"wp-block-heading\"><em>Qui se cache derri\u00e8re cet imaginaire infini ?<\/em><\/h5>\n\n\n\n<h5 class=\"wp-block-heading\"><em>Pour r\u00e9pondre \u00e0 ces questions fascinantes, venez d\u00e9couvrir Imaginarius dans une com\u00e9die dr\u00f4le, tendre et myst\u00e9rieuse.<\/em><\/h5>\n\n\n<div class=\"wp-block-image\">\n<figure class=\"aligncenter is-resized\"><a href=\"https:\/\/grain2folie.com\/WordPress2\/wp-content\/uploads\/2020\/01\/IMG_20200105_104119.jpg\"><img loading=\"lazy\" decoding=\"async\" src=\"https:\/\/grain2folie.com\/WordPress2\/wp-content\/uploads\/2020\/01\/IMG_20200105_104119-300x253.jpg\" alt=\"\" class=\"wp-image-839\" width=\"319\" height=\"269\" srcset=\"https:\/\/grain2folie.com\/WordPress2\/wp-content\/uploads\/2020\/01\/IMG_20200105_104119-300x253.jpg 300w, https:\/\/grain2folie.com\/WordPress2\/wp-content\/uploads\/2020\/01\/IMG_20200105_104119-768x648.jpg 768w, https:\/\/grain2folie.com\/WordPress2\/wp-content\/uploads\/2020\/01\/IMG_20200105_104119-1024x863.jpg 1024w, https:\/\/grain2folie.com\/WordPress2\/wp-content\/uploads\/2020\/01\/IMG_20200105_104119.jpg 1944w\" sizes=\"auto, (max-width: 319px) 100vw, 319px\" \/><\/a><\/figure>\n<\/div>\n\n<div class=\"wp-block-image\">\n<figure class=\"aligncenter is-resized\"><a href=\"https:\/\/grain2folie.com\/WordPress2\/wp-content\/uploads\/2020\/01\/IMG_20200105_103754.jpg\"><img loading=\"lazy\" decoding=\"async\" src=\"https:\/\/grain2folie.com\/WordPress2\/wp-content\/uploads\/2020\/01\/IMG_20200105_103754-199x300.jpg\" alt=\"\" class=\"wp-image-840\" width=\"244\" height=\"366\"\/><\/a><\/figure>\n<\/div>\n\n\n<p class=\"has-text-align-center\"><\/p>\n","protected":false},"excerpt":{"rendered":"<p>Spectacle pour enfants cr\u00e9\u00e9 en 2015. \u00e0 partir de 6 ans Vous arrive-t-il de vous demander :&nbsp; Mais d&rsquo;o\u00f9 vient l&rsquo;imagination ?&nbsp; La po\u00e9sie, l&rsquo;humour, la cr\u00e9ativit\u00e9 sont-ils inn\u00e9s ? Quelle est cette petite voix qui nous inspire de bonnes id\u00e9es ? Qui se cache derri\u00e8re cet imaginaire infini ? Pour r\u00e9pondre \u00e0 ces questions &hellip; <\/p>\n<p class=\"link-more\"><a href=\"https:\/\/grain2folie.com\/WordPress2\/imaginarius\/\" class=\"more-link\">Continuer la lecture<span class=\"screen-reader-text\"> de &laquo;&nbsp;Imaginarius&#8230;&nbsp;&raquo;<\/span><\/a><\/p>\n","protected":false},"author":1,"featured_media":0,"parent":0,"menu_order":0,"comment_status":"open","ping_status":"open","template":"","meta":{"footnotes":""},"class_list":["post-235","page","type-page","status-publish","hentry"],"_links":{"self":[{"href":"https:\/\/grain2folie.com\/WordPress2\/wp-json\/wp\/v2\/pages\/235","targetHints":{"allow":["GET"]}}],"collection":[{"href":"https:\/\/grain2folie.com\/WordPress2\/wp-json\/wp\/v2\/pages"}],"about":[{"href":"https:\/\/grain2folie.com\/WordPress2\/wp-json\/wp\/v2\/types\/page"}],"author":[{"embeddable":true,"href":"https:\/\/grain2folie.com\/WordPress2\/wp-json\/wp\/v2\/users\/1"}],"replies":[{"embeddable":true,"href":"https:\/\/grain2folie.com\/WordPress2\/wp-json\/wp\/v2\/comments?post=235"}],"version-history":[{"count":36,"href":"https:\/\/grain2folie.com\/WordPress2\/wp-json\/wp\/v2\/pages\/235\/revisions"}],"predecessor-version":[{"id":1068,"href":"https:\/\/grain2folie.com\/WordPress2\/wp-json\/wp\/v2\/pages\/235\/revisions\/1068"}],"wp:attachment":[{"href":"https:\/\/grain2folie.com\/WordPress2\/wp-json\/wp\/v2\/media?parent=235"}],"curies":[{"name":"wp","href":"https:\/\/api.w.org\/{rel}","templated":true}]}}