{"id":238,"date":"2015-12-03T15:44:25","date_gmt":"2015-12-03T14:44:25","guid":{"rendered":"http:\/\/grain2folie.com\/WordPress3\/?page_id=238"},"modified":"2023-05-12T08:08:55","modified_gmt":"2023-05-12T06:08:55","slug":"le-bug-de-noel","status":"publish","type":"page","link":"https:\/\/grain2folie.com\/WordPress2\/le-bug-de-noel\/","title":{"rendered":"Le Bug de No\u00ebl"},"content":{"rendered":"\n<p class=\"has-text-align-center\">Spectacle pour enfants cr\u00e9\u00e9 en 2012<\/p>\n\n\n\n<p class=\"has-text-align-center\">\u00e0 partir de 3 ans<\/p>\n\n\n<div class=\"wp-block-image\">\n<figure class=\"aligncenter size-large\"><a href=\"https:\/\/grain2folie.com\/WordPress2\/wp-content\/uploads\/2023\/01\/le-bug-de-Noel--scaled.jpg\"><img loading=\"lazy\" decoding=\"async\" width=\"728\" height=\"1024\" src=\"https:\/\/grain2folie.com\/WordPress2\/wp-content\/uploads\/2023\/01\/le-bug-de-Noel--728x1024.jpg\" alt=\"\" class=\"wp-image-994\" srcset=\"https:\/\/grain2folie.com\/WordPress2\/wp-content\/uploads\/2023\/01\/le-bug-de-Noel--728x1024.jpg 728w, https:\/\/grain2folie.com\/WordPress2\/wp-content\/uploads\/2023\/01\/le-bug-de-Noel--213x300.jpg 213w, https:\/\/grain2folie.com\/WordPress2\/wp-content\/uploads\/2023\/01\/le-bug-de-Noel--768x1080.jpg 768w, https:\/\/grain2folie.com\/WordPress2\/wp-content\/uploads\/2023\/01\/le-bug-de-Noel--1093x1536.jpg 1093w, https:\/\/grain2folie.com\/WordPress2\/wp-content\/uploads\/2023\/01\/le-bug-de-Noel--1457x2048.jpg 1457w, https:\/\/grain2folie.com\/WordPress2\/wp-content\/uploads\/2023\/01\/le-bug-de-Noel--scaled.jpg 1821w\" sizes=\"auto, (max-width: 728px) 100vw, 728px\" \/><\/a><\/figure>\n<\/div>\n\n\n<figure class=\"wp-block-embed is-type-video is-provider-youtube wp-block-embed-youtube wp-embed-aspect-16-9 wp-has-aspect-ratio\"><div class=\"wp-block-embed__wrapper\">\n<iframe loading=\"lazy\" title=\"Bande annonce   Le bug de No\u00ebl\" width=\"525\" height=\"295\" src=\"https:\/\/www.youtube.com\/embed\/ukliHOxS_ds?feature=oembed\" frameborder=\"0\" allow=\"accelerometer; autoplay; clipboard-write; encrypted-media; gyroscope; picture-in-picture; web-share\" referrerpolicy=\"strict-origin-when-cross-origin\" allowfullscreen><\/iframe>\n<\/div><\/figure>\n\n\n\n<h5 class=\"wp-block-heading\">&nbsp;<em>\u00ab\u00a0La veille du 25 d\u00e9cembre, au p\u00f4le Nord, dans la fabrique des jouets&nbsp;du P\u00e8re No\u00ebl, les lutins n&rsquo;ont pas une minute de r\u00e9pit.&nbsp;Les jouets, tout juste fabriqu\u00e9s ou recycl\u00e9s, ont h\u00e2te de connaitre leur&nbsp;nouveau propri\u00e9taire.&nbsp;Mais soudain\u2026 un bruit provenant de la salle des machines laisse&nbsp;place \u00e0 un silence inhabituel !&nbsp;Pour sauver No\u00ebl, les lutins et les jouets (un Superman na\u00eff, un clown&nbsp;d\u00e9j\u00e0 maintes fois recycl\u00e9 ou un cow-boy pas fini) vont s&rsquo;unir dans une belle aventure !\u00a0\u00bb<\/em><\/h5>\n\n\n\n<h5 class=\"wp-block-heading\"><strong>La plaquette du spectacle est ici :<\/strong> <\/h5>\n\n\n\n<div data-wp-interactive=\"core\/file\" class=\"wp-block-file\"><object data-wp-bind--hidden=\"!state.hasPdfPreview\" hidden class=\"wp-block-file__embed\" data=\"https:\/\/grain2folie.com\/WordPress2\/wp-content\/uploads\/2023\/05\/Plaquette-presentation-Le-Bug-de-Noel.pdf\" type=\"application\/pdf\" style=\"width:100%;height:600px\" aria-label=\"Contenu embarqu\u00e9 Plaquette-presentation-Le-Bug-de-Noel.\"><\/object><a id=\"wp-block-file--media-5c87751b-f6ee-4e4f-88db-d5cf92b36a76\" href=\"https:\/\/grain2folie.com\/WordPress2\/wp-content\/uploads\/2023\/05\/Plaquette-presentation-Le-Bug-de-Noel.pdf\">Plaquette-presentation-Le-Bug-de-Noel<\/a><a href=\"https:\/\/grain2folie.com\/WordPress2\/wp-content\/uploads\/2023\/05\/Plaquette-presentation-Le-Bug-de-Noel.pdf\" class=\"wp-block-file__button wp-element-button\" download aria-describedby=\"wp-block-file--media-5c87751b-f6ee-4e4f-88db-d5cf92b36a76\">Dossier Le Bug de No\u00ebl<br>T\u00e9l\u00e9charger<\/a><\/div>\n\n\n\n<h5 class=\"wp-block-heading\">Cette pi\u00e8ce pour toute la famille \u00e0 partir de 3 ans est jou\u00e9e par 2 com\u00e9diens :<\/h5>\n\n\n\n<figure class=\"wp-block-image\"><img decoding=\"async\" src=\"http:\/\/grain2folie.com\/WordPress3\/wp-includes\/js\/tinymce\/plugins\/wpgallery\/img\/t.gif\" alt=\"\" title=\"gallery ids=&quot;86,174,176,97,96,95,94,93,92,91,89,88,87,85,64&quot;\"\/><\/figure>\n\n\n<div class=\"wp-block-image\">\n<figure class=\"aligncenter\"><a href=\"https:\/\/grain2folie.com\/WordPress2\/wp-content\/uploads\/2015\/12\/DSC04202.jpg\"><img loading=\"lazy\" decoding=\"async\" width=\"300\" height=\"200\" src=\"https:\/\/grain2folie.com\/WordPress2\/wp-content\/uploads\/2015\/12\/DSC04202-300x200.jpg\" alt=\"\" class=\"wp-image-391\" srcset=\"https:\/\/grain2folie.com\/WordPress2\/wp-content\/uploads\/2015\/12\/DSC04202-300x200.jpg 300w, https:\/\/grain2folie.com\/WordPress2\/wp-content\/uploads\/2015\/12\/DSC04202-768x512.jpg 768w, https:\/\/grain2folie.com\/WordPress2\/wp-content\/uploads\/2015\/12\/DSC04202-1024x683.jpg 1024w\" sizes=\"auto, (max-width: 300px) 100vw, 300px\" \/><\/a><\/figure>\n<\/div>\n\n<div class=\"wp-block-image\">\n<figure class=\"aligncenter\"><a href=\"https:\/\/grain2folie.com\/WordPress2\/wp-content\/uploads\/2015\/12\/DSC04225.jpg\"><img loading=\"lazy\" decoding=\"async\" width=\"300\" height=\"200\" src=\"https:\/\/grain2folie.com\/WordPress2\/wp-content\/uploads\/2015\/12\/DSC04225-300x200.jpg\" alt=\"\" class=\"wp-image-426\" srcset=\"https:\/\/grain2folie.com\/WordPress2\/wp-content\/uploads\/2015\/12\/DSC04225-300x200.jpg 300w, https:\/\/grain2folie.com\/WordPress2\/wp-content\/uploads\/2015\/12\/DSC04225-768x512.jpg 768w, https:\/\/grain2folie.com\/WordPress2\/wp-content\/uploads\/2015\/12\/DSC04225-1024x683.jpg 1024w\" sizes=\"auto, (max-width: 300px) 100vw, 300px\" \/><\/a><\/figure>\n<\/div>\n\n<div class=\"wp-block-image\">\n<figure class=\"aligncenter\"><a href=\"https:\/\/grain2folie.com\/WordPress2\/wp-content\/uploads\/2015\/12\/DSC04200.jpg\"><img loading=\"lazy\" decoding=\"async\" width=\"300\" height=\"200\" src=\"https:\/\/grain2folie.com\/WordPress2\/wp-content\/uploads\/2015\/12\/DSC04200-300x200.jpg\" alt=\"\" class=\"wp-image-423\" srcset=\"https:\/\/grain2folie.com\/WordPress2\/wp-content\/uploads\/2015\/12\/DSC04200-300x200.jpg 300w, https:\/\/grain2folie.com\/WordPress2\/wp-content\/uploads\/2015\/12\/DSC04200-768x512.jpg 768w, https:\/\/grain2folie.com\/WordPress2\/wp-content\/uploads\/2015\/12\/DSC04200-1024x683.jpg 1024w\" sizes=\"auto, (max-width: 300px) 100vw, 300px\" \/><\/a><\/figure>\n<\/div>\n\n<div class=\"wp-block-image\">\n<figure class=\"aligncenter\"><a href=\"https:\/\/grain2folie.com\/WordPress2\/wp-content\/uploads\/2015\/12\/DSC04231.jpg\"><img loading=\"lazy\" decoding=\"async\" width=\"300\" height=\"200\" src=\"https:\/\/grain2folie.com\/WordPress2\/wp-content\/uploads\/2015\/12\/DSC04231-300x200.jpg\" alt=\"\" class=\"wp-image-428\" srcset=\"https:\/\/grain2folie.com\/WordPress2\/wp-content\/uploads\/2015\/12\/DSC04231-300x200.jpg 300w, https:\/\/grain2folie.com\/WordPress2\/wp-content\/uploads\/2015\/12\/DSC04231-768x512.jpg 768w, https:\/\/grain2folie.com\/WordPress2\/wp-content\/uploads\/2015\/12\/DSC04231-1024x683.jpg 1024w\" sizes=\"auto, (max-width: 300px) 100vw, 300px\" \/><\/a><\/figure>\n<\/div>\n\n<div class=\"wp-block-image\">\n<figure class=\"aligncenter\"><a href=\"https:\/\/grain2folie.com\/WordPress2\/wp-content\/uploads\/2015\/12\/DSC04227.jpg\"><img loading=\"lazy\" decoding=\"async\" width=\"300\" height=\"200\" src=\"https:\/\/grain2folie.com\/WordPress2\/wp-content\/uploads\/2015\/12\/DSC04227-300x200.jpg\" alt=\"\" class=\"wp-image-427\" srcset=\"https:\/\/grain2folie.com\/WordPress2\/wp-content\/uploads\/2015\/12\/DSC04227-300x200.jpg 300w, https:\/\/grain2folie.com\/WordPress2\/wp-content\/uploads\/2015\/12\/DSC04227-768x512.jpg 768w, https:\/\/grain2folie.com\/WordPress2\/wp-content\/uploads\/2015\/12\/DSC04227-1024x683.jpg 1024w\" sizes=\"auto, (max-width: 300px) 100vw, 300px\" \/><\/a><\/figure>\n<\/div>\n\n<div class=\"wp-block-image\">\n<figure class=\"aligncenter\"><a href=\"https:\/\/grain2folie.com\/WordPress2\/wp-content\/uploads\/2015\/12\/DSC04238.jpg\"><img loading=\"lazy\" decoding=\"async\" width=\"300\" height=\"200\" src=\"https:\/\/grain2folie.com\/WordPress2\/wp-content\/uploads\/2015\/12\/DSC04238-300x200.jpg\" alt=\"\" class=\"wp-image-429\" srcset=\"https:\/\/grain2folie.com\/WordPress2\/wp-content\/uploads\/2015\/12\/DSC04238-300x200.jpg 300w, https:\/\/grain2folie.com\/WordPress2\/wp-content\/uploads\/2015\/12\/DSC04238-768x512.jpg 768w, https:\/\/grain2folie.com\/WordPress2\/wp-content\/uploads\/2015\/12\/DSC04238-1024x683.jpg 1024w\" sizes=\"auto, (max-width: 300px) 100vw, 300px\" \/><\/a><\/figure>\n<\/div>","protected":false},"excerpt":{"rendered":"<p>Spectacle pour enfants cr\u00e9\u00e9 en 2012 \u00e0 partir de 3 ans &nbsp;\u00ab\u00a0La veille du 25 d\u00e9cembre, au p\u00f4le Nord, dans la fabrique des jouets&nbsp;du P\u00e8re No\u00ebl, les lutins n&rsquo;ont pas une minute de r\u00e9pit.&nbsp;Les jouets, tout juste fabriqu\u00e9s ou recycl\u00e9s, ont h\u00e2te de connaitre leur&nbsp;nouveau propri\u00e9taire.&nbsp;Mais soudain\u2026 un bruit provenant de la salle des machines &hellip; <\/p>\n<p class=\"link-more\"><a href=\"https:\/\/grain2folie.com\/WordPress2\/le-bug-de-noel\/\" class=\"more-link\">Continuer la lecture<span class=\"screen-reader-text\"> de &laquo;&nbsp;Le Bug de No\u00ebl&nbsp;&raquo;<\/span><\/a><\/p>\n","protected":false},"author":1,"featured_media":0,"parent":0,"menu_order":0,"comment_status":"open","ping_status":"open","template":"","meta":{"footnotes":""},"class_list":["post-238","page","type-page","status-publish","hentry"],"_links":{"self":[{"href":"https:\/\/grain2folie.com\/WordPress2\/wp-json\/wp\/v2\/pages\/238","targetHints":{"allow":["GET"]}}],"collection":[{"href":"https:\/\/grain2folie.com\/WordPress2\/wp-json\/wp\/v2\/pages"}],"about":[{"href":"https:\/\/grain2folie.com\/WordPress2\/wp-json\/wp\/v2\/types\/page"}],"author":[{"embeddable":true,"href":"https:\/\/grain2folie.com\/WordPress2\/wp-json\/wp\/v2\/users\/1"}],"replies":[{"embeddable":true,"href":"https:\/\/grain2folie.com\/WordPress2\/wp-json\/wp\/v2\/comments?post=238"}],"version-history":[{"count":46,"href":"https:\/\/grain2folie.com\/WordPress2\/wp-json\/wp\/v2\/pages\/238\/revisions"}],"predecessor-version":[{"id":1056,"href":"https:\/\/grain2folie.com\/WordPress2\/wp-json\/wp\/v2\/pages\/238\/revisions\/1056"}],"wp:attachment":[{"href":"https:\/\/grain2folie.com\/WordPress2\/wp-json\/wp\/v2\/media?parent=238"}],"curies":[{"name":"wp","href":"https:\/\/api.w.org\/{rel}","templated":true}]}}