{"id":319,"date":"2016-10-18T18:08:52","date_gmt":"2016-10-18T16:08:52","guid":{"rendered":"http:\/\/grain2folie.com\/WordPress3\/?page_id=319"},"modified":"2025-11-06T16:57:48","modified_gmt":"2025-11-06T15:57:48","slug":"handisketch","status":"publish","type":"page","link":"https:\/\/grain2folie.com\/WordPress2\/handisketch\/","title":{"rendered":"Handisketch"},"content":{"rendered":"\n<p><span style=\"font-family: Calibri, sans-serif;\"><span style=\"font-size: 300%;\"><i><b>Sensibilisation au handicap<\/b><\/i><\/span><\/span><\/p>\n\n\n\n<p>Vous souhaitez organiser une action de sensibilisation des salari\u00e9s de votre entreprise, et passer le message que vous pouvez aider les personnes en situation de handicap.<\/p>\n\n\n\n<p><span style=\"font-family: Calibri, sans-serif;\"><span style=\"font-size: large;\">Vos objectifs sont de faciliter l\u2019acc\u00e8s \u00e0 une d\u00e9marche de RQTH pour les collaborateurs en difficult\u00e9. Mais aussi d&rsquo;ouvrir un \u00e9change sur le th\u00e8me du handicap.<\/span><\/span><\/p>\n\n\n\n<p><span style=\"font-family: Calibri, sans-serif;\"><span style=\"font-size: large;\">La compagnie Grain2Folie vous propose de s<\/span><\/span><span style=\"font-family: Calibri, sans-serif;\"><span style=\"font-size: large;\">ensibiliser de mani\u00e8re th\u00e9\u00e2trale<\/span><\/span><span style=\"font-family: Calibri, sans-serif;\"><span style=\"font-size: large;\"><span lang=\"fr-FR\"> afin de faciliter une prise de conscience.<\/span><\/span><\/span><\/p>\n\n\n\n<div data-wp-interactive=\"core\/file\" class=\"wp-block-file\"><object data-wp-bind--hidden=\"!state.hasPdfPreview\" hidden class=\"wp-block-file__embed\" data=\"https:\/\/grain2folie.com\/WordPress2\/wp-content\/uploads\/2025\/11\/Presentation-Handisketch-2026.pdf\" type=\"application\/pdf\" style=\"width:100%;height:600px\" aria-label=\"Contenu embarqu\u00e9 Pr\u00e9sentation Handisketch 2026.\"><\/object><a id=\"wp-block-file--media-fd9653b6-4ea7-42f4-b7ec-57625a7b40d6\" href=\"https:\/\/grain2folie.com\/WordPress2\/wp-content\/uploads\/2025\/11\/Presentation-Handisketch-2026.pdf\">Pr\u00e9sentation Handisketch 2026<\/a><a href=\"https:\/\/grain2folie.com\/WordPress2\/wp-content\/uploads\/2025\/11\/Presentation-Handisketch-2026.pdf\" class=\"wp-block-file__button wp-element-button\" download aria-describedby=\"wp-block-file--media-fd9653b6-4ea7-42f4-b7ec-57625a7b40d6\">T\u00e9l\u00e9charger<\/a><\/div>\n\n\n\n<p><span style=\"font-family: Calibri, sans-serif;\"><span style=\"font-size: large;\"><span lang=\"fr-FR\">Le th\u00e9\u00e2tre permet d\u2019aborder des sujets sensibles et de faire passer un certain nombre de valeurs et de messages de fa\u00e7on ludique.<\/span><\/span><\/span><\/p>\n\n\n\n<p><span style=\"font-family: Arial, sans-serif;\"><span style=\"font-size: small;\"><span style=\"font-family: Calibri, sans-serif;\"><span style=\"font-size: large;\"><i><b>Les \u00abHandisketch\u00bb sont de courtes sayn\u00e8tes qui mettent en avant les mentalit\u00e9s, les non-dits, les clich\u00e9s, lorsque les salari\u00e9s sont confront\u00e9s au handicap en entreprise.<\/b><\/i><\/span><\/span><i><b> <\/b><\/i><\/span><\/span><\/p>\n\n\n\n<p><span style=\"font-family: Calibri, sans-serif;\"><span style=\"font-size: large;\">Concernant les th\u00e8mes li\u00e9s au handicap, nous vous proposons plusieurs choix. Les \u00abHandisketch\u00bb abordent des sujets vari\u00e9s :<\/span><\/span><\/p>\n\n\n\n<ul class=\"wp-block-list\">\n<li> <span style=\"font-size: revert; font-family: Calibri, sans-serif;\"><span style=\"font-size: large;\">les <\/span><\/span><span style=\"font-size: revert; font-family: Calibri, sans-serif;\"><span style=\"font-size: large;\"><b>troubles DYS<\/b><\/span><\/span><span style=\"font-size: revert; font-family: Calibri, sans-serif;\"><span style=\"font-size: large;\"> avec \u00abAmoureux\u00bb<\/span><\/span><\/li>\n\n\n\n<li> <span style=\"font-size: revert; font-family: Calibri, sans-serif;\"><span style=\"font-size: large;\">les <\/span><\/span><span style=\"font-size: revert; font-family: Calibri, sans-serif;\"><span style=\"font-size: large;\"><b>TMS<\/b><\/span><\/span><span style=\"font-size: revert; font-family: Calibri, sans-serif;\"><span style=\"font-size: large;\"> (troubles musculo-squelettiques) avec \u00abAnimateur\u00bb<\/span><\/span> <\/li>\n\n\n\n<li> <span style=\"font-size: revert; font-family: Calibri, sans-serif;\"><span style=\"font-size: large;\">la <\/span><\/span><span style=\"font-size: revert; font-family: Calibri, sans-serif;\"><span style=\"font-size: large;\"><b>RQTH<\/b><\/span><\/span><span style=\"font-size: revert; font-family: Calibri, sans-serif;\"><span style=\"font-size: large;\">, le <\/span><\/span><span style=\"font-size: revert; font-family: Calibri, sans-serif;\"><span style=\"font-size: large;\"><b>diab\u00e8te<\/b><\/span><\/span><span style=\"font-size: revert; font-family: Calibri, sans-serif;\"><span style=\"font-size: large;\"> et les <\/span><\/span><span style=\"font-size: revert; font-family: Calibri, sans-serif;\"><span style=\"font-size: large;\"><b>TOC<\/b><\/span><\/span><span style=\"font-size: revert; font-family: Calibri, sans-serif;\"><span style=\"font-size: large;\"> avec \u00abChanteur\u00bb<\/span><\/span> <\/li>\n\n\n\n<li> <span style=\"font-size: revert; font-family: Calibri, sans-serif;\"><span style=\"font-size: large;\">le <\/span><\/span><span style=\"font-size: revert; font-family: Calibri, sans-serif;\"><span style=\"font-size: large;\"><b>recrutement d&rsquo;une personne handicap\u00e9e<\/b><\/span><\/span><span style=\"font-size: revert; font-family: Calibri, sans-serif;\"><span style=\"font-size: large;\"> avec \u00abHumain\u00bb<\/span><\/span> <\/li>\n\n\n\n<li> <span style=\"font-size: revert; font-family: Calibri, sans-serif;\"><span style=\"font-size: large;\">les <\/span><\/span><span style=\"font-size: revert; font-family: Calibri, sans-serif;\"><span style=\"font-size: large;\"><b>st\u00e9r\u00e9otypes et les aprioris<\/b><\/span><\/span><span style=\"font-size: revert; font-family: Calibri, sans-serif;\"><span style=\"font-size: large;\"> avec \u00abIncroyable\u00bb<\/span><\/span> <\/li>\n\n\n\n<li> <span style=\"font-size: revert; font-family: Calibri, sans-serif;\"><span style=\"font-size: large;\">le <\/span><\/span><span style=\"font-size: revert; font-family: Calibri, sans-serif;\"><span style=\"font-size: large;\"><b>dialogue, l&rsquo;int\u00e9gration <\/b><\/span><\/span><span style=\"font-size: revert; font-family: Calibri, sans-serif;\"><span style=\"font-size: large;\">et la <\/span><\/span><span style=\"font-size: revert; font-family: Calibri, sans-serif;\"><span style=\"font-size: large;\"><b>mal-voyance<\/b><\/span><\/span><span style=\"font-size: revert; font-family: Calibri, sans-serif;\"><span style=\"font-size: large;\"> avec \u00abD\u00e9cid\u00e9&nbsp;!\u00bb<\/span><\/span> <\/li>\n\n\n\n<li> <span style=\"font-size: revert; font-family: Calibri, sans-serif;\"><span style=\"font-size: large;\">les <\/span><\/span><span style=\"font-size: revert; font-family: Calibri, sans-serif;\"><span style=\"font-size: large;\"><b>gestes de posture<\/b><\/span><\/span><span style=\"font-size: revert; font-family: Calibri, sans-serif;\"><span style=\"font-size: large;\"> et la <\/span><\/span><span style=\"font-size: revert; font-family: Calibri, sans-serif;\"><span style=\"font-size: large;\"><b>lombalgie<\/b><\/span><\/span><span style=\"font-size: revert; font-family: Calibri, sans-serif;\"><span style=\"font-size: large;\"> avec \u00abStar\u00bb<\/span><\/span> <\/li>\n\n\n\n<li> <span style=\"font-size: revert; font-family: Calibri, sans-serif;\"><span style=\"font-size: large;\">la <\/span><\/span><span style=\"font-size: revert; font-family: Calibri, sans-serif;\"><span style=\"font-size: large;\"><b>scolarit\u00e9<\/b><\/span><\/span><span style=\"font-size: revert; font-family: Calibri, sans-serif;\"><span style=\"font-size: large;\"> et l&rsquo;<\/span><\/span><span style=\"font-size: revert; font-family: Calibri, sans-serif;\"><span style=\"font-size: large;\"><b>\u00e9ducation<\/b><\/span><\/span><span style=\"font-size: revert; font-family: Calibri, sans-serif;\"><span style=\"font-size: large;\"> avec \u00ab&nbsp;Le Nouveau&nbsp;\u00bb<\/span><\/span> <\/li>\n\n\n\n<li><span style=\"font-size: revert; font-family: Calibri, sans-serif;\"><span style=\"font-size: large;\">la <b>surdit\u00e9<\/b> avec \u00ab\u00a0Positif\u00a0\u00bb<\/span><\/span> <em>(uniquement en configuration spectacle complet)<\/em><\/li>\n\n\n\n<li> <span style=\"font-size: revert; font-family: Calibri, sans-serif;\"><span style=\"font-size: large;\">les <\/span><\/span><span style=\"font-size: revert; font-family: Calibri, sans-serif;\"><span style=\"font-size: large;\"><b>troubles psychiques<\/b><\/span><\/span><span style=\"font-size: revert; font-family: Calibri, sans-serif;\"><span style=\"font-size: large;\"> avec \u00ab&nbsp;\u00c9quilibr\u00e9&nbsp;\u00bb<\/span><\/span> <\/li>\n<\/ul>\n\n\n\n<p><span style=\"font-family: Calibri, sans-serif;\"><span style=\"font-size: large;\"> Pour pr\u00e9senter les \u00abHandisketch\u00bb, il est possible de jouer les sayn\u00e8tes dans un lieu d\u00e9fini \u00e0 l&rsquo;avance, ou alors directement sur les zones de travail si la configuration le permet.<\/span><\/span><\/p>\n\n\n\n<p><span style=\"font-family: Calibri, sans-serif;\"><span style=\"font-size: large;\"><span lang=\"fr-FR\">Durant la journ\u00e9e de sensibilisation, 3 \u00e0 4 sayn\u00e8tes peuvent \u00eatre utilis\u00e9es plusieurs fois \u00e0 des horaires diff\u00e9rents pour toucher un maximum de personnes.<\/span><\/span><\/span><\/p>\n\n\n\n<p><span style=\"font-family: Calibri, sans-serif;\"><span style=\"font-size: large;\"><span lang=\"fr-FR\">Il est possible d&rsquo;utiliser plus de sayn\u00e8tes pour votre \u00e9v\u00e9nement, ou encore d&rsquo;en cr\u00e9er une sur un th\u00e8me que vous souhaiteriez aborder (d\u00e9lai de cr\u00e9ation).<\/span><\/span><\/span><\/p>\n\n\n\n<p><span style=\"font-family: Calibri, sans-serif;\"><span style=\"font-size: large;\"><span lang=\"fr-FR\">\u00c9crites et jou\u00e9es par 3 ou 4 com\u00e9diens de la troupe Grain2Folie, chaque sayn\u00e8te peut \u00eatre annonc\u00e9e, afin d\u2019inviter les personnes pr\u00e9sentes \u00e0 regarder, ou laisser un effet de surprise pour marquer le coup.<\/span><\/span><\/span><\/p>\n\n\n\n<ul class=\"wp-block-list\">\n<li>Besoins :\n<ul class=\"wp-block-list\">\n<li><span style=\"font-size: revert; font-family: Calibri, sans-serif;\"><span style=\"font-size: large;\">Mat\u00e9riel: <span lang=\"fr-FR\">1<\/span><\/span><\/span><span style=\"font-size: revert; font-family: Calibri, sans-serif;\"><span style=\"font-size: large;\"><span lang=\"fr-FR\"> petite table et 3 chaises <\/span><\/span><\/span><span style=\"font-size: revert; font-family: Calibri, sans-serif;\"><span style=\"font-size: large;\">.<\/span><\/span><\/li>\n\n\n\n<li> <span style=\"font-size: revert; font-family: Calibri, sans-serif;\"><span style=\"font-size: large;\">Dur\u00e9e: chaque <\/span><\/span><span style=\"font-size: revert; font-family: Calibri, sans-serif;\"><span style=\"font-size: large;\"><span lang=\"fr-FR\">sayn\u00e8te <\/span><\/span><\/span><span style=\"font-size: revert; font-family: Calibri, sans-serif;\"><span style=\"font-size: large;\">dure entre 5 et 10 minutes<\/span><\/span> <\/li>\n<\/ul>\n<\/li>\n<\/ul>\n\n\n\n<p><span style=\"font-family: Calibri, sans-serif;\"><span style=\"font-size: large;\"> Depuis plus de 12 ans, nous d\u00e9veloppons une <\/span><\/span><span style=\"font-family: Calibri, sans-serif;\"><span style=\"font-size: large;\"><b>exp\u00e9rience solide et novatrice<\/b><\/span><\/span><span style=\"font-family: Calibri, sans-serif;\"><span style=\"font-size: large;\"> sur la sensibilisation au handicap.<\/span><\/span><\/p>\n\n\n<div class=\"wp-block-image\">\n<figure class=\"aligncenter\"><a href=\"https:\/\/grain2folie.com\/WordPress2\/wp-content\/uploads\/2016\/10\/Sans-titre.jpg\"><img loading=\"lazy\" decoding=\"async\" width=\"1011\" height=\"224\" src=\"https:\/\/grain2folie.com\/WordPress2\/wp-content\/uploads\/2016\/10\/Sans-titre.jpg\" alt=\"\" class=\"wp-image-487\" srcset=\"https:\/\/grain2folie.com\/WordPress2\/wp-content\/uploads\/2016\/10\/Sans-titre.jpg 1011w, https:\/\/grain2folie.com\/WordPress2\/wp-content\/uploads\/2016\/10\/Sans-titre-300x66.jpg 300w, https:\/\/grain2folie.com\/WordPress2\/wp-content\/uploads\/2016\/10\/Sans-titre-768x170.jpg 768w\" sizes=\"auto, (max-width: 767px) 89vw, (max-width: 1000px) 54vw, (max-width: 1071px) 543px, 580px\" \/><\/a><\/figure>\n<\/div>\n\n\n<p><span style=\"font-family: Calibri, sans-serif;\"><span style=\"font-size: large;\">Gr\u00e2ce \u00e0 la confiance que beaucoup d&rsquo;entreprises nous ont accord\u00e9e, nous avons enrichie notre connaissance et notre savoir-faire sur ce th\u00e8me.<\/span><\/span><br><\/p>\n\n\n\n<p><span style=\"font-family: Calibri, sans-serif;\"><span style=\"font-size: large;\">Nous vous proposons \u00e9galement le format pi\u00e8ce de th\u00e9\u00e2tre avec <\/span><\/span><span style=\"font-family: Calibri, sans-serif;\"><span style=\"font-size: large;\"><i><b>Handilettres.<\/b><\/i> (\u00e0 voir sur la page \u00ab\u00a0handilettres\u00a0\u00bb)<\/span><\/span><\/p>\n\n\n\n<h5 class=\"wp-block-heading\"> <a href=\"https:\/\/grain2folie.com\/WordPress2\/wp-content\/uploads\/2018\/11\/DSC_3185-800x564.jpg\" target=\"_blank\" rel=\"noopener noreferrer\"><img loading=\"lazy\" decoding=\"async\" width=\"300\" height=\"212\" class=\"alignnone wp-image-554 size-medium\" src=\"https:\/\/grain2folie.com\/WordPress2\/wp-content\/uploads\/2018\/11\/DSC_3185-800x564-300x212.jpg\" alt=\"\" srcset=\"https:\/\/grain2folie.com\/WordPress2\/wp-content\/uploads\/2018\/11\/DSC_3185-800x564-300x212.jpg 300w, https:\/\/grain2folie.com\/WordPress2\/wp-content\/uploads\/2018\/11\/DSC_3185-800x564-768x541.jpg 768w, https:\/\/grain2folie.com\/WordPress2\/wp-content\/uploads\/2018\/11\/DSC_3185-800x564.jpg 800w\" sizes=\"auto, (max-width: 300px) 100vw, 300px\" \/><\/a>   <a href=\"https:\/\/grain2folie.com\/WordPress2\/wp-content\/uploads\/2018\/11\/DSC_3205-800x578.jpg\" target=\"_blank\" rel=\"noopener noreferrer\"><img loading=\"lazy\" decoding=\"async\" width=\"300\" height=\"217\" class=\"alignnone wp-image-557 size-medium\" src=\"https:\/\/grain2folie.com\/WordPress2\/wp-content\/uploads\/2018\/11\/DSC_3205-800x578-300x217.jpg\" alt=\"\" srcset=\"https:\/\/grain2folie.com\/WordPress2\/wp-content\/uploads\/2018\/11\/DSC_3205-800x578-300x217.jpg 300w, https:\/\/grain2folie.com\/WordPress2\/wp-content\/uploads\/2018\/11\/DSC_3205-800x578-768x555.jpg 768w, https:\/\/grain2folie.com\/WordPress2\/wp-content\/uploads\/2018\/11\/DSC_3205-800x578.jpg 800w\" sizes=\"auto, (max-width: 300px) 100vw, 300px\" \/><\/a> <a href=\"https:\/\/grain2folie.com\/WordPress2\/wp-content\/uploads\/2018\/11\/DSC_3200-800x534.jpg\" target=\"_blank\" rel=\"noopener noreferrer\"><img loading=\"lazy\" decoding=\"async\" width=\"300\" height=\"200\" class=\"alignnone wp-image-556 size-medium\" src=\"https:\/\/grain2folie.com\/WordPress2\/wp-content\/uploads\/2018\/11\/DSC_3200-800x534-300x200.jpg\" alt=\"\" srcset=\"https:\/\/grain2folie.com\/WordPress2\/wp-content\/uploads\/2018\/11\/DSC_3200-800x534-300x200.jpg 300w, https:\/\/grain2folie.com\/WordPress2\/wp-content\/uploads\/2018\/11\/DSC_3200-800x534-768x513.jpg 768w, https:\/\/grain2folie.com\/WordPress2\/wp-content\/uploads\/2018\/11\/DSC_3200-800x534.jpg 800w\" sizes=\"auto, (max-width: 300px) 100vw, 300px\" \/><\/a> <a href=\"https:\/\/grain2folie.com\/WordPress2\/wp-content\/uploads\/2018\/11\/DSC_3196-800x534.jpg\" target=\"_blank\" rel=\"noopener noreferrer\"><img loading=\"lazy\" decoding=\"async\" width=\"300\" height=\"200\" class=\"alignnone wp-image-555 size-medium\" src=\"https:\/\/grain2folie.com\/WordPress2\/wp-content\/uploads\/2018\/11\/DSC_3196-800x534-300x200.jpg\" alt=\"\" srcset=\"https:\/\/grain2folie.com\/WordPress2\/wp-content\/uploads\/2018\/11\/DSC_3196-800x534-300x200.jpg 300w, https:\/\/grain2folie.com\/WordPress2\/wp-content\/uploads\/2018\/11\/DSC_3196-800x534-768x513.jpg 768w, https:\/\/grain2folie.com\/WordPress2\/wp-content\/uploads\/2018\/11\/DSC_3196-800x534.jpg 800w\" sizes=\"auto, (max-width: 300px) 100vw, 300px\" \/><\/a>&nbsp;<a href=\"https:\/\/grain2folie.com\/WordPress2\/wp-content\/uploads\/2016\/10\/DSC_0183.jpg\" target=\"_blank\" rel=\"noopener noreferrer\"><img loading=\"lazy\" decoding=\"async\" width=\"300\" height=\"201\" class=\"alignnone wp-image-407 size-medium\" src=\"https:\/\/grain2folie.com\/WordPress2\/wp-content\/uploads\/2016\/10\/DSC_0183-300x201.jpg\" alt=\"\" srcset=\"https:\/\/grain2folie.com\/WordPress2\/wp-content\/uploads\/2016\/10\/DSC_0183-300x201.jpg 300w, https:\/\/grain2folie.com\/WordPress2\/wp-content\/uploads\/2016\/10\/DSC_0183-768x514.jpg 768w, https:\/\/grain2folie.com\/WordPress2\/wp-content\/uploads\/2016\/10\/DSC_0183-1024x685.jpg 1024w\" sizes=\"auto, (max-width: 300px) 100vw, 300px\" \/><\/a> <a href=\"https:\/\/grain2folie.com\/WordPress2\/wp-content\/uploads\/2016\/10\/DSC_0173-640x430.jpg\" target=\"_blank\" rel=\"noopener noreferrer\"><img loading=\"lazy\" decoding=\"async\" width=\"300\" height=\"202\" class=\"alignnone wp-image-488 size-medium\" src=\"https:\/\/grain2folie.com\/WordPress2\/wp-content\/uploads\/2016\/10\/DSC_0173-640x430-300x202.jpg\" alt=\"\" srcset=\"https:\/\/grain2folie.com\/WordPress2\/wp-content\/uploads\/2016\/10\/DSC_0173-640x430-300x202.jpg 300w, https:\/\/grain2folie.com\/WordPress2\/wp-content\/uploads\/2016\/10\/DSC_0173-640x430.jpg 640w\" sizes=\"auto, (max-width: 300px) 100vw, 300px\" \/><\/a><\/h5>\n\n\n\n\n\n\n","protected":false},"excerpt":{"rendered":"<p>Sensibilisation au handicap Vous souhaitez organiser une action de sensibilisation des salari\u00e9s de votre entreprise, et passer le message que vous pouvez aider les personnes en situation de handicap. Vos objectifs sont de faciliter l\u2019acc\u00e8s \u00e0 une d\u00e9marche de RQTH pour les collaborateurs en difficult\u00e9. Mais aussi d&rsquo;ouvrir un \u00e9change sur le th\u00e8me du handicap. &hellip; <\/p>\n<p class=\"link-more\"><a href=\"https:\/\/grain2folie.com\/WordPress2\/handisketch\/\" class=\"more-link\">Continuer la lecture<span class=\"screen-reader-text\"> de &laquo;&nbsp;Handisketch&nbsp;&raquo;<\/span><\/a><\/p>\n","protected":false},"author":1,"featured_media":0,"parent":0,"menu_order":0,"comment_status":"closed","ping_status":"closed","template":"","meta":{"footnotes":""},"class_list":["post-319","page","type-page","status-publish","hentry"],"_links":{"self":[{"href":"https:\/\/grain2folie.com\/WordPress2\/wp-json\/wp\/v2\/pages\/319","targetHints":{"allow":["GET"]}}],"collection":[{"href":"https:\/\/grain2folie.com\/WordPress2\/wp-json\/wp\/v2\/pages"}],"about":[{"href":"https:\/\/grain2folie.com\/WordPress2\/wp-json\/wp\/v2\/types\/page"}],"author":[{"embeddable":true,"href":"https:\/\/grain2folie.com\/WordPress2\/wp-json\/wp\/v2\/users\/1"}],"replies":[{"embeddable":true,"href":"https:\/\/grain2folie.com\/WordPress2\/wp-json\/wp\/v2\/comments?post=319"}],"version-history":[{"count":29,"href":"https:\/\/grain2folie.com\/WordPress2\/wp-json\/wp\/v2\/pages\/319\/revisions"}],"predecessor-version":[{"id":1195,"href":"https:\/\/grain2folie.com\/WordPress2\/wp-json\/wp\/v2\/pages\/319\/revisions\/1195"}],"wp:attachment":[{"href":"https:\/\/grain2folie.com\/WordPress2\/wp-json\/wp\/v2\/media?parent=319"}],"curies":[{"name":"wp","href":"https:\/\/api.w.org\/{rel}","templated":true}]}}