{"id":46,"date":"2014-01-13T15:27:51","date_gmt":"2014-01-13T14:27:51","guid":{"rendered":"http:\/\/grain2folie.com\/WordPress3\/?page_id=46"},"modified":"2025-06-06T22:57:28","modified_gmt":"2025-06-06T20:57:28","slug":"artistes","status":"publish","type":"page","link":"https:\/\/grain2folie.com\/WordPress2\/artistes\/","title":{"rendered":"Nos artistes"},"content":{"rendered":"\n<h5 class=\"wp-block-heading\">D\u00e9couvrez les artistes qui participent \u00e0 la vie de Grain2Folie !<\/h5>\n\n\n\n<h5 class=\"wp-block-heading\"><em><strong>M\u00e9lanie D&rsquo;Almeida &nbsp; &nbsp; &nbsp; &nbsp; &nbsp; <\/strong><\/em><span style=\"line-height: 1.5;\">Com\u00e9dienne<\/span><\/h5>\n\n\n\n<figure class=\"wp-block-image\"><a href=\"https:\/\/grain2folie.com\/WordPress2\/wp-content\/uploads\/2014\/01\/P1000424.jpg\"><img loading=\"lazy\" decoding=\"async\" width=\"232\" height=\"300\" src=\"https:\/\/grain2folie.com\/WordPress2\/wp-content\/uploads\/2014\/01\/P1000424-232x300.jpg\" alt=\"\" class=\"wp-image-460\" srcset=\"https:\/\/grain2folie.com\/WordPress2\/wp-content\/uploads\/2014\/01\/P1000424-232x300.jpg 232w, https:\/\/grain2folie.com\/WordPress2\/wp-content\/uploads\/2014\/01\/P1000424-768x993.jpg 768w, https:\/\/grain2folie.com\/WordPress2\/wp-content\/uploads\/2014\/01\/P1000424-792x1024.jpg 792w\" sizes=\"auto, (max-width: 232px) 100vw, 232px\" \/><\/a><\/figure>\n\n\n\n<p class=\"has-text-align-center\"><\/p>\n\n\n\n<h5 class=\"wp-block-heading\"><a href=\"https:\/\/www.youtube.com\/watch?v=Fo5bnU2jFpU\">Bande d\u00e9mo M\u00e9lanie D&rsquo;Almeida<\/a><\/h5>\n\n\n\n<h5 class=\"wp-block-heading\"><em><strong>Yvon Carpier&nbsp; &nbsp; &nbsp; &nbsp; &nbsp; &nbsp; <\/strong><\/em>Com\u00e9dien, auteur<\/h5>\n\n\n\n<figure class=\"wp-block-image\"><a href=\"https:\/\/grain2folie.com\/WordPress2\/wp-content\/uploads\/2023\/01\/P1030624-scaled.jpg\"><img loading=\"lazy\" decoding=\"async\" width=\"219\" height=\"300\" src=\"https:\/\/grain2folie.com\/WordPress2\/wp-content\/uploads\/2023\/01\/P1030624-219x300.jpg\" alt=\"\" class=\"wp-image-1019\" srcset=\"https:\/\/grain2folie.com\/WordPress2\/wp-content\/uploads\/2023\/01\/P1030624-219x300.jpg 219w, https:\/\/grain2folie.com\/WordPress2\/wp-content\/uploads\/2023\/01\/P1030624-747x1024.jpg 747w, https:\/\/grain2folie.com\/WordPress2\/wp-content\/uploads\/2023\/01\/P1030624-768x1053.jpg 768w, https:\/\/grain2folie.com\/WordPress2\/wp-content\/uploads\/2023\/01\/P1030624-1121x1536.jpg 1121w, https:\/\/grain2folie.com\/WordPress2\/wp-content\/uploads\/2023\/01\/P1030624-1494x2048.jpg 1494w, https:\/\/grain2folie.com\/WordPress2\/wp-content\/uploads\/2023\/01\/P1030624-scaled.jpg 1868w\" sizes=\"auto, (max-width: 219px) 100vw, 219px\" \/><\/a><\/figure>\n\n\n\n<p class=\"has-text-align-center\"><\/p>\n\n\n\n<h5 class=\"wp-block-heading\"><em><strong>Jean-Marc Magnoni<\/strong><\/em>&nbsp; &nbsp; &nbsp; &nbsp; Com\u00e9dien, auteur<\/h5>\n\n\n\n<h5 class=\"wp-block-heading\"><figure><a href=\"http:\/\/grain2folie.com\/WordPress3\/wp-content\/uploads\/2014\/01\/10622889_10204858181317374_7882077945822598453_n.jpg\"><img loading=\"lazy\" decoding=\"async\" class=\"alignnone size-medium wp-image-189\" src=\"http:\/\/grain2folie.com\/WordPress3\/wp-content\/uploads\/2014\/01\/10622889_10204858181317374_7882077945822598453_n-200x300.jpg\" alt=\"10622889_10204858181317374_7882077945822598453_n\" width=\"200\" height=\"300\" srcset=\"https:\/\/grain2folie.com\/WordPress2\/wp-content\/uploads\/2014\/01\/10622889_10204858181317374_7882077945822598453_n-200x300.jpg 200w, https:\/\/grain2folie.com\/WordPress2\/wp-content\/uploads\/2014\/01\/10622889_10204858181317374_7882077945822598453_n.jpg 640w\" sizes=\"auto, (max-width: 200px) 100vw, 200px\" \/><\/a><\/figure><\/h5>\n\n\n\n<h5 class=\"wp-block-heading\">Son site :&nbsp;<a href=\"http:\/\/www.jmmagnoni.book.fr\/\">http:\/\/www.jmmagnoni.book.fr\/<\/a><\/h5>\n\n\n\n<h5 class=\"wp-block-heading\"><strong><em>\u00c9l\u00c9a Carpier : <\/em><\/strong><em>com\u00e9dienne<\/em><\/h5>\n\n\n\n<figure class=\"wp-block-image\"><a href=\"https:\/\/grain2folie.com\/WordPress2\/wp-content\/uploads\/2023\/01\/P1050414-scaled.jpg\"><img loading=\"lazy\" decoding=\"async\" width=\"300\" height=\"225\" src=\"https:\/\/grain2folie.com\/WordPress2\/wp-content\/uploads\/2023\/01\/P1050414-300x225.jpg\" alt=\"\" class=\"wp-image-1024\" srcset=\"https:\/\/grain2folie.com\/WordPress2\/wp-content\/uploads\/2023\/01\/P1050414-300x225.jpg 300w, https:\/\/grain2folie.com\/WordPress2\/wp-content\/uploads\/2023\/01\/P1050414-1024x769.jpg 1024w, https:\/\/grain2folie.com\/WordPress2\/wp-content\/uploads\/2023\/01\/P1050414-768x577.jpg 768w, https:\/\/grain2folie.com\/WordPress2\/wp-content\/uploads\/2023\/01\/P1050414-1536x1153.jpg 1536w, https:\/\/grain2folie.com\/WordPress2\/wp-content\/uploads\/2023\/01\/P1050414-2048x1538.jpg 2048w\" sizes=\"auto, (max-width: 300px) 100vw, 300px\" \/><\/a><\/figure>\n\n\n\n<p class=\"has-text-align-center\"><\/p>\n\n\n\n<h5 class=\"wp-block-heading\"><strong><em>Aimy carpier : <\/em><\/strong><em>com\u00e9dienne<\/em><\/h5>\n\n\n\n<figure class=\"wp-block-image\"><a href=\"https:\/\/grain2folie.com\/WordPress2\/wp-content\/uploads\/2023\/01\/P1050439-scaled.jpg\"><img loading=\"lazy\" decoding=\"async\" width=\"208\" height=\"300\" src=\"https:\/\/grain2folie.com\/WordPress2\/wp-content\/uploads\/2023\/01\/P1050439-208x300.jpg\" alt=\"\" class=\"wp-image-1025\" srcset=\"https:\/\/grain2folie.com\/WordPress2\/wp-content\/uploads\/2023\/01\/P1050439-208x300.jpg 208w, https:\/\/grain2folie.com\/WordPress2\/wp-content\/uploads\/2023\/01\/P1050439-710x1024.jpg 710w, https:\/\/grain2folie.com\/WordPress2\/wp-content\/uploads\/2023\/01\/P1050439-768x1108.jpg 768w, https:\/\/grain2folie.com\/WordPress2\/wp-content\/uploads\/2023\/01\/P1050439-1065x1536.jpg 1065w, https:\/\/grain2folie.com\/WordPress2\/wp-content\/uploads\/2023\/01\/P1050439-1420x2048.jpg 1420w, https:\/\/grain2folie.com\/WordPress2\/wp-content\/uploads\/2023\/01\/P1050439-scaled.jpg 1775w\" sizes=\"auto, (max-width: 208px) 100vw, 208px\" \/><\/a><\/figure>\n\n\n\n<p class=\"has-text-align-center\"><\/p>\n\n\n\n<h5 class=\"wp-block-heading\"><strong><em>S\u00e9bastien Ory<\/em><\/strong> : Com\u00e9dien<\/h5>\n\n\n\n<h5 class=\"wp-block-heading\"><figure><a href=\"http:\/\/grain2folie.com\/WordPress3\/wp-content\/uploads\/2014\/01\/Photo-S\u00e9b.jpg\"><img loading=\"lazy\" decoding=\"async\" class=\"alignnone size-medium wp-image-346\" src=\"http:\/\/grain2folie.com\/WordPress3\/wp-content\/uploads\/2014\/01\/Photo-S\u00e9b-210x300.jpg\" alt=\"photo-seb\" width=\"210\" height=\"300\" srcset=\"https:\/\/grain2folie.com\/WordPress2\/wp-content\/uploads\/2014\/01\/Photo-S\u00e9b-210x300.jpg 210w, https:\/\/grain2folie.com\/WordPress2\/wp-content\/uploads\/2014\/01\/Photo-S\u00e9b-768x1095.jpg 768w, https:\/\/grain2folie.com\/WordPress2\/wp-content\/uploads\/2014\/01\/Photo-S\u00e9b-718x1024.jpg 718w\" sizes=\"auto, (max-width: 210px) 100vw, 210px\" \/><\/a><\/figure><\/h5>\n\n\n\n<h5 class=\"wp-block-heading\">Son site :&nbsp;<a href=\"http:\/\/www.sebastien-ory.book.fr\/\">http:\/\/www.sebastien-ory.book.fr\/<\/a><\/h5>\n","protected":false},"excerpt":{"rendered":"<p>D\u00e9couvrez les artistes qui participent \u00e0 la vie de Grain2Folie ! M\u00e9lanie D&rsquo;Almeida &nbsp; &nbsp; &nbsp; &nbsp; &nbsp; Com\u00e9dienne Bande d\u00e9mo M\u00e9lanie D&rsquo;Almeida Yvon Carpier&nbsp; &nbsp; &nbsp; &nbsp; &nbsp; &nbsp; Com\u00e9dien, auteur Jean-Marc Magnoni&nbsp; &nbsp; &nbsp; &nbsp; Com\u00e9dien, auteur Son site :&nbsp;http:\/\/www.jmmagnoni.book.fr\/ \u00c9l\u00c9a Carpier : com\u00e9dienne Aimy carpier : com\u00e9dienne S\u00e9bastien Ory : Com\u00e9dien Son &hellip; <\/p>\n<p class=\"link-more\"><a href=\"https:\/\/grain2folie.com\/WordPress2\/artistes\/\" class=\"more-link\">Continuer la lecture<span class=\"screen-reader-text\"> de &laquo;&nbsp;Nos artistes&nbsp;&raquo;<\/span><\/a><\/p>\n","protected":false},"author":1,"featured_media":0,"parent":0,"menu_order":0,"comment_status":"open","ping_status":"open","template":"","meta":{"footnotes":""},"class_list":["post-46","page","type-page","status-publish","hentry"],"_links":{"self":[{"href":"https:\/\/grain2folie.com\/WordPress2\/wp-json\/wp\/v2\/pages\/46","targetHints":{"allow":["GET"]}}],"collection":[{"href":"https:\/\/grain2folie.com\/WordPress2\/wp-json\/wp\/v2\/pages"}],"about":[{"href":"https:\/\/grain2folie.com\/WordPress2\/wp-json\/wp\/v2\/types\/page"}],"author":[{"embeddable":true,"href":"https:\/\/grain2folie.com\/WordPress2\/wp-json\/wp\/v2\/users\/1"}],"replies":[{"embeddable":true,"href":"https:\/\/grain2folie.com\/WordPress2\/wp-json\/wp\/v2\/comments?post=46"}],"version-history":[{"count":47,"href":"https:\/\/grain2folie.com\/WordPress2\/wp-json\/wp\/v2\/pages\/46\/revisions"}],"predecessor-version":[{"id":1184,"href":"https:\/\/grain2folie.com\/WordPress2\/wp-json\/wp\/v2\/pages\/46\/revisions\/1184"}],"wp:attachment":[{"href":"https:\/\/grain2folie.com\/WordPress2\/wp-json\/wp\/v2\/media?parent=46"}],"curies":[{"name":"wp","href":"https:\/\/api.w.org\/{rel}","templated":true}]}}