{"id":467,"date":"2018-02-01T11:14:05","date_gmt":"2018-02-01T10:14:05","guid":{"rendered":"http:\/\/grain2folie.com\/WordPress2\/?page_id=467"},"modified":"2023-12-27T12:09:35","modified_gmt":"2023-12-27T11:09:35","slug":"cicatrices","status":"publish","type":"page","link":"https:\/\/grain2folie.com\/WordPress2\/cicatrices\/","title":{"rendered":"Cicatrices"},"content":{"rendered":"\n<h6 class=\"wp-block-heading\">ATTENTION : <em>Pi\u00e8ce en cours de cr\u00e9ation<\/em><\/h6>\n\n\n\n<h5 class=\"wp-block-heading\">Une com\u00e9die dramatique de Jean-marc Magnoni<\/h5>\n\n\n\n<h5 class=\"wp-block-heading\">mise en sc\u00e8ne par Youn<\/h5>\n\n\n\n<h5 class=\"wp-block-heading\">avec M\u00e9lanie D&rsquo;Almeida et Yvon Carpier<\/h5>\n\n\n<div class=\"wp-block-image\">\n<figure class=\"aligncenter\"><a href=\"https:\/\/grain2folie.com\/WordPress2\/wp-content\/uploads\/2018\/02\/affiche-cicatrices-240x360.jpg\"><img loading=\"lazy\" decoding=\"async\" width=\"200\" height=\"300\" src=\"https:\/\/grain2folie.com\/WordPress2\/wp-content\/uploads\/2018\/02\/affiche-cicatrices-240x360-200x300.jpg\" alt=\"\" class=\"wp-image-468\" srcset=\"https:\/\/grain2folie.com\/WordPress2\/wp-content\/uploads\/2018\/02\/affiche-cicatrices-240x360-200x300.jpg 200w, https:\/\/grain2folie.com\/WordPress2\/wp-content\/uploads\/2018\/02\/affiche-cicatrices-240x360.jpg 240w\" sizes=\"auto, (max-width: 200px) 100vw, 200px\" \/><\/a><\/figure>\n<\/div>\n\n\n<figure class=\"wp-block-image\"><a href=\"https:\/\/grain2folie.com\/WordPress2\/wp-content\/uploads\/2018\/02\/flyers-verso.jpg\"><img loading=\"lazy\" decoding=\"async\" width=\"281\" height=\"300\" src=\"https:\/\/grain2folie.com\/WordPress2\/wp-content\/uploads\/2018\/02\/flyers-verso-281x300.jpg\" alt=\"\" class=\"wp-image-483\" srcset=\"https:\/\/grain2folie.com\/WordPress2\/wp-content\/uploads\/2018\/02\/flyers-verso-281x300.jpg 281w, https:\/\/grain2folie.com\/WordPress2\/wp-content\/uploads\/2018\/02\/flyers-verso.jpg 754w\" sizes=\"auto, (max-width: 281px) 100vw, 281px\" \/><\/a><\/figure>\n\n\n\n<p class=\"has-text-align-center\"><\/p>\n","protected":false},"excerpt":{"rendered":"<p>ATTENTION : Pi\u00e8ce en cours de cr\u00e9ation Une com\u00e9die dramatique de Jean-marc Magnoni mise en sc\u00e8ne par Youn avec M\u00e9lanie D&rsquo;Almeida et Yvon Carpier<\/p>\n","protected":false},"author":1,"featured_media":0,"parent":0,"menu_order":0,"comment_status":"closed","ping_status":"closed","template":"","meta":{"footnotes":""},"class_list":["post-467","page","type-page","status-publish","hentry"],"_links":{"self":[{"href":"https:\/\/grain2folie.com\/WordPress2\/wp-json\/wp\/v2\/pages\/467","targetHints":{"allow":["GET"]}}],"collection":[{"href":"https:\/\/grain2folie.com\/WordPress2\/wp-json\/wp\/v2\/pages"}],"about":[{"href":"https:\/\/grain2folie.com\/WordPress2\/wp-json\/wp\/v2\/types\/page"}],"author":[{"embeddable":true,"href":"https:\/\/grain2folie.com\/WordPress2\/wp-json\/wp\/v2\/users\/1"}],"replies":[{"embeddable":true,"href":"https:\/\/grain2folie.com\/WordPress2\/wp-json\/wp\/v2\/comments?post=467"}],"version-history":[{"count":5,"href":"https:\/\/grain2folie.com\/WordPress2\/wp-json\/wp\/v2\/pages\/467\/revisions"}],"predecessor-version":[{"id":1152,"href":"https:\/\/grain2folie.com\/WordPress2\/wp-json\/wp\/v2\/pages\/467\/revisions\/1152"}],"wp:attachment":[{"href":"https:\/\/grain2folie.com\/WordPress2\/wp-json\/wp\/v2\/media?parent=467"}],"curies":[{"name":"wp","href":"https:\/\/api.w.org\/{rel}","templated":true}]}}