{"id":60,"date":"2014-01-13T16:02:21","date_gmt":"2014-01-13T15:02:21","guid":{"rendered":"http:\/\/grain2folie.com\/WordPress3\/?page_id=60"},"modified":"2019-09-18T21:08:43","modified_gmt":"2019-09-18T19:08:43","slug":"theatre-en-entreprise-2","status":"publish","type":"page","link":"https:\/\/grain2folie.com\/WordPress2\/theatre-en-entreprise-2\/","title":{"rendered":"Sensibilisation au Handicap"},"content":{"rendered":"<p>Grain2Folie intervient \u00e9galement en entreprise ou en milieu scolaire, en faisant de la <strong>sensibilisation <span style=\"font-family: 'Arial Black', sans-serif;\">sur le th\u00e8me du handicap.<\/span><\/strong><\/p>\n<dl><\/dl>\n<p align=\"LEFT\"><span style=\"color: #000000;\"><span style=\"font-family: Arial, sans-serif;\">Vous souhaitez organiser une action de sensibilisation des salari\u00e9s de votre entreprise ou dans votre \u00e9tablissement scolaire, et p<\/span><\/span><span style=\"color: #000000;\"><span style=\"font-family: Arial, sans-serif;\"><span style=\"font-size: medium;\">asser le message que vous pouvez aidez les personnes en situation de handicap. Deux concepts sont possibles, alors rendez vous dans notre rubrique Handisketch ou Handilettres.<\/span><\/span><\/span><\/p>\n<p align=\"LEFT\">\n","protected":false},"excerpt":{"rendered":"<p>Grain2Folie intervient \u00e9galement en entreprise ou en milieu scolaire, en faisant de la sensibilisation sur le th\u00e8me du handicap. Vous souhaitez organiser une action de sensibilisation des salari\u00e9s de votre entreprise ou dans votre \u00e9tablissement scolaire, et passer le message que vous pouvez aidez les personnes en situation de handicap. Deux concepts sont possibles, alors &hellip; <\/p>\n<p class=\"link-more\"><a href=\"https:\/\/grain2folie.com\/WordPress2\/theatre-en-entreprise-2\/\" class=\"more-link\">Continuer la lecture<span class=\"screen-reader-text\"> de &laquo;&nbsp;Sensibilisation au Handicap&nbsp;&raquo;<\/span><\/a><\/p>\n","protected":false},"author":1,"featured_media":0,"parent":0,"menu_order":0,"comment_status":"open","ping_status":"open","template":"","meta":{"footnotes":""},"class_list":["post-60","page","type-page","status-publish","hentry"],"_links":{"self":[{"href":"https:\/\/grain2folie.com\/WordPress2\/wp-json\/wp\/v2\/pages\/60","targetHints":{"allow":["GET"]}}],"collection":[{"href":"https:\/\/grain2folie.com\/WordPress2\/wp-json\/wp\/v2\/pages"}],"about":[{"href":"https:\/\/grain2folie.com\/WordPress2\/wp-json\/wp\/v2\/types\/page"}],"author":[{"embeddable":true,"href":"https:\/\/grain2folie.com\/WordPress2\/wp-json\/wp\/v2\/users\/1"}],"replies":[{"embeddable":true,"href":"https:\/\/grain2folie.com\/WordPress2\/wp-json\/wp\/v2\/comments?post=60"}],"version-history":[{"count":16,"href":"https:\/\/grain2folie.com\/WordPress2\/wp-json\/wp\/v2\/pages\/60\/revisions"}],"predecessor-version":[{"id":825,"href":"https:\/\/grain2folie.com\/WordPress2\/wp-json\/wp\/v2\/pages\/60\/revisions\/825"}],"wp:attachment":[{"href":"https:\/\/grain2folie.com\/WordPress2\/wp-json\/wp\/v2\/media?parent=60"}],"curies":[{"name":"wp","href":"https:\/\/api.w.org\/{rel}","templated":true}]}}