{"id":858,"date":"2021-09-15T07:59:36","date_gmt":"2021-09-15T05:59:36","guid":{"rendered":"http:\/\/grain2folie.com\/WordPress2\/?page_id=858"},"modified":"2023-07-29T10:15:48","modified_gmt":"2023-07-29T08:15:48","slug":"le-choix","status":"publish","type":"page","link":"https:\/\/grain2folie.com\/WordPress2\/le-choix\/","title":{"rendered":"Le choix"},"content":{"rendered":"\n<h1 class=\"wp-block-heading has-text-align-center\"><strong>LE CHOIX<\/strong><\/h1>\n\n\n\n<p class=\"has-text-align-center\"><em><strong>une com\u00e9die de Jean-Marc Magnoni<\/strong><\/em><\/p>\n\n\n\n<p class=\"has-text-align-center\"><em><strong>avec M\u00e9lanie D&rsquo;Almeida et Yvon Carpier<\/strong><\/em><\/p>\n\n\n\n<p class=\"has-text-align-center\"><em>cr\u00e9ation 2021 de la compagnie Grain2Folie<\/em><\/p>\n\n\n\n<figure class=\"wp-block-gallery aligncenter has-nested-images columns-default is-cropped wp-block-gallery-1 is-layout-flex wp-block-gallery-is-layout-flex\">\n<figure class=\"wp-block-image size-full\"><a href=\"https:\/\/grain2folie.com\/WordPress2\/wp-content\/uploads\/2021\/09\/Affiche-LE-CHOIX-A4-ordinateur-scaled.jpg\"><img loading=\"lazy\" decoding=\"async\" width=\"1734\" height=\"2560\" data-id=\"854\" src=\"https:\/\/grain2folie.com\/WordPress2\/wp-content\/uploads\/2021\/09\/Affiche-LE-CHOIX-A4-ordinateur-scaled.jpg\" alt=\"\" class=\"wp-image-854\" srcset=\"https:\/\/grain2folie.com\/WordPress2\/wp-content\/uploads\/2021\/09\/Affiche-LE-CHOIX-A4-ordinateur-scaled.jpg 1734w, https:\/\/grain2folie.com\/WordPress2\/wp-content\/uploads\/2021\/09\/Affiche-LE-CHOIX-A4-ordinateur-203x300.jpg 203w, https:\/\/grain2folie.com\/WordPress2\/wp-content\/uploads\/2021\/09\/Affiche-LE-CHOIX-A4-ordinateur-694x1024.jpg 694w, https:\/\/grain2folie.com\/WordPress2\/wp-content\/uploads\/2021\/09\/Affiche-LE-CHOIX-A4-ordinateur-768x1134.jpg 768w, https:\/\/grain2folie.com\/WordPress2\/wp-content\/uploads\/2021\/09\/Affiche-LE-CHOIX-A4-ordinateur-1040x1536.jpg 1040w, https:\/\/grain2folie.com\/WordPress2\/wp-content\/uploads\/2021\/09\/Affiche-LE-CHOIX-A4-ordinateur-1387x2048.jpg 1387w\" sizes=\"auto, (max-width: 767px) 89vw, (max-width: 1000px) 54vw, (max-width: 1071px) 543px, 580px\" \/><\/a><figcaption class=\"wp-element-caption\">AFFICHE<\/figcaption><\/figure>\n<\/figure>\n\n\n\n<figure class=\"wp-block-embed is-type-video is-provider-youtube wp-block-embed-youtube wp-embed-aspect-16-9 wp-has-aspect-ratio\"><div class=\"wp-block-embed__wrapper\">\n<iframe loading=\"lazy\" title=\"Bande annonce - Pi\u00e8ce de th\u00e9\u00e2tre &quot;Le choix&quot; - Compagnie Grain2Folie\" width=\"525\" height=\"295\" src=\"https:\/\/www.youtube.com\/embed\/U0V9RGg6qlE?feature=oembed\" frameborder=\"0\" allow=\"accelerometer; autoplay; clipboard-write; encrypted-media; gyroscope; picture-in-picture; web-share\" referrerpolicy=\"strict-origin-when-cross-origin\" allowfullscreen><\/iframe>\n<\/div><\/figure>\n\n\n\n<p>Pitch<\/p>\n\n\n\n<p>Un accident&#8230;un appel t\u00e9l\u00e9phonique anonyme&#8230;un rendez-vous \u00e9nigmatique&#8230;Vous avez fait <em>le choix<\/em> d&rsquo;assister \u00e0 une rencontre inattendue, entre deux personnes&#8230;que tout oppose.<\/p>\n\n\n\n<p>R\u00e9sum\u00e9<\/p>\n\n\n\n<p>Max Leroy n&rsquo;est pas un saint. Sans aucun \u00e9tat d&rsquo;\u00e2me depuis des ann\u00e9es, il trompe sa femme et d\u00e9tourne de l&rsquo;argent de son entreprise. Cependant sa vie bascule lorsqu&rsquo;il re\u00e7oit un coup de fil anonyme lui donnant Rendez-vous sur un banc dans un parc public \u00e0 12h38, pr\u00e9cis\u00e9ment. Paniqu\u00e9, il arrive en avance et doit supporter la pr\u00e9sence de Vic une clocharde qui squatte le banc. Entre ce rendez-vous myst\u00e9rieux et cette rencontre improbable, Max va se retrouver accul\u00e9 et va devoir faire un choix o\u00f9 il risque de se perdre ou de tout perdre.<\/p>\n\n\n\n<p>Note de l&rsquo;auteur<\/p>\n\n\n\n<p>Tout au long de notre existence nous devons faire des choix. Ce sont ces d\u00e9cisions qui tracent le parcours de notre vie. Mais parfois une situation particuli\u00e8re ou exceptionnelle vous oblige \u00e0 faire LE choix qui risque de faire basculer votre vie pour le pire ou le meilleur. Une com\u00e9die en trompe-l&rsquo;\u0153il o\u00f9 le spectateur aura le choix d&rsquo;y croire ou non.<\/p>\n\n\n\n<div data-wp-interactive=\"core\/file\" class=\"wp-block-file aligncenter\"><object data-wp-bind--hidden=\"!state.hasPdfPreview\" hidden class=\"wp-block-file__embed\" data=\"https:\/\/grain2folie.com\/WordPress2\/wp-content\/uploads\/2023\/07\/Dossier-presentation-Le-choix.pdf\" type=\"application\/pdf\" style=\"width:100%;height:600px\" aria-label=\"Contenu embarqu\u00e9 Dossier-presentation-Le-choix.\"><\/object><a id=\"wp-block-file--media-3a578bf9-17e0-4881-bc5f-0a7c932d6a3c\" href=\"https:\/\/grain2folie.com\/WordPress2\/wp-content\/uploads\/2023\/07\/Dossier-presentation-Le-choix.pdf\">Dossier-presentation-Le-choix<\/a><a href=\"https:\/\/grain2folie.com\/WordPress2\/wp-content\/uploads\/2023\/07\/Dossier-presentation-Le-choix.pdf\" class=\"wp-block-file__button wp-element-button\" download aria-describedby=\"wp-block-file--media-3a578bf9-17e0-4881-bc5f-0a7c932d6a3c\">T\u00e9l\u00e9charger<\/a><\/div>\n\n\n\n<figure class=\"wp-block-gallery has-nested-images columns-default is-cropped wp-block-gallery-2 is-layout-flex wp-block-gallery-is-layout-flex\">\n<figure class=\"wp-block-image size-large\"><a href=\"https:\/\/grain2folie.com\/WordPress2\/wp-content\/uploads\/2021\/09\/P1040587-scaled.jpg\"><img loading=\"lazy\" decoding=\"async\" width=\"1024\" height=\"769\" data-id=\"881\" src=\"https:\/\/grain2folie.com\/WordPress2\/wp-content\/uploads\/2021\/09\/P1040587-1024x769.jpg\" alt=\"\" class=\"wp-image-881\" srcset=\"https:\/\/grain2folie.com\/WordPress2\/wp-content\/uploads\/2021\/09\/P1040587-1024x769.jpg 1024w, https:\/\/grain2folie.com\/WordPress2\/wp-content\/uploads\/2021\/09\/P1040587-300x225.jpg 300w, https:\/\/grain2folie.com\/WordPress2\/wp-content\/uploads\/2021\/09\/P1040587-768x576.jpg 768w, https:\/\/grain2folie.com\/WordPress2\/wp-content\/uploads\/2021\/09\/P1040587-1536x1153.jpg 1536w, https:\/\/grain2folie.com\/WordPress2\/wp-content\/uploads\/2021\/09\/P1040587-2048x1537.jpg 2048w\" sizes=\"auto, (max-width: 767px) 89vw, (max-width: 1000px) 54vw, (max-width: 1071px) 543px, 580px\" \/><\/a><figcaption class=\"wp-element-caption\">Vic<\/figcaption><\/figure>\n\n\n\n<figure class=\"wp-block-image size-large\"><a href=\"https:\/\/grain2folie.com\/WordPress2\/wp-content\/uploads\/2021\/09\/P1040641-scaled.jpg\"><img loading=\"lazy\" decoding=\"async\" width=\"1024\" height=\"769\" data-id=\"876\" src=\"https:\/\/grain2folie.com\/WordPress2\/wp-content\/uploads\/2021\/09\/P1040641-1024x769.jpg\" alt=\"\" class=\"wp-image-876\" srcset=\"https:\/\/grain2folie.com\/WordPress2\/wp-content\/uploads\/2021\/09\/P1040641-1024x769.jpg 1024w, https:\/\/grain2folie.com\/WordPress2\/wp-content\/uploads\/2021\/09\/P1040641-300x225.jpg 300w, https:\/\/grain2folie.com\/WordPress2\/wp-content\/uploads\/2021\/09\/P1040641-768x577.jpg 768w, https:\/\/grain2folie.com\/WordPress2\/wp-content\/uploads\/2021\/09\/P1040641-1536x1153.jpg 1536w, https:\/\/grain2folie.com\/WordPress2\/wp-content\/uploads\/2021\/09\/P1040641-2048x1538.jpg 2048w\" sizes=\"auto, (max-width: 767px) 89vw, (max-width: 1000px) 54vw, (max-width: 1071px) 543px, 580px\" \/><\/a><figcaption class=\"wp-element-caption\">Max<\/figcaption><\/figure>\n<\/figure>\n\n\n\n<div class=\"wp-block-group\"><div class=\"wp-block-group__inner-container is-layout-flow wp-block-group-is-layout-flow\">\n<div class=\"wp-block-group\"><div class=\"wp-block-group__inner-container is-layout-flow wp-block-group-is-layout-flow\">\n<figure class=\"wp-block-image size-large\"><a href=\"https:\/\/grain2folie.com\/WordPress2\/wp-content\/uploads\/2022\/10\/P1040809-scaled.jpg\"><img loading=\"lazy\" decoding=\"async\" width=\"1024\" height=\"769\" src=\"https:\/\/grain2folie.com\/WordPress2\/wp-content\/uploads\/2022\/10\/P1040809-1024x769.jpg\" alt=\"\" class=\"wp-image-981\" srcset=\"https:\/\/grain2folie.com\/WordPress2\/wp-content\/uploads\/2022\/10\/P1040809-1024x769.jpg 1024w, https:\/\/grain2folie.com\/WordPress2\/wp-content\/uploads\/2022\/10\/P1040809-300x225.jpg 300w, https:\/\/grain2folie.com\/WordPress2\/wp-content\/uploads\/2022\/10\/P1040809-768x577.jpg 768w, https:\/\/grain2folie.com\/WordPress2\/wp-content\/uploads\/2022\/10\/P1040809-1536x1153.jpg 1536w, https:\/\/grain2folie.com\/WordPress2\/wp-content\/uploads\/2022\/10\/P1040809-2048x1538.jpg 2048w\" sizes=\"auto, (max-width: 767px) 89vw, (max-width: 1000px) 54vw, (max-width: 1071px) 543px, 580px\" \/><\/a><\/figure>\n<\/div><\/div>\n<\/div><\/div>\n\n\n\n<figure class=\"wp-block-image size-large\"><a href=\"https:\/\/grain2folie.com\/WordPress2\/wp-content\/uploads\/2022\/10\/P1040822-scaled.jpg\"><img loading=\"lazy\" decoding=\"async\" width=\"1024\" height=\"769\" src=\"https:\/\/grain2folie.com\/WordPress2\/wp-content\/uploads\/2022\/10\/P1040822-1024x769.jpg\" alt=\"\" class=\"wp-image-985\" srcset=\"https:\/\/grain2folie.com\/WordPress2\/wp-content\/uploads\/2022\/10\/P1040822-1024x769.jpg 1024w, https:\/\/grain2folie.com\/WordPress2\/wp-content\/uploads\/2022\/10\/P1040822-300x225.jpg 300w, https:\/\/grain2folie.com\/WordPress2\/wp-content\/uploads\/2022\/10\/P1040822-768x577.jpg 768w, https:\/\/grain2folie.com\/WordPress2\/wp-content\/uploads\/2022\/10\/P1040822-1536x1153.jpg 1536w, https:\/\/grain2folie.com\/WordPress2\/wp-content\/uploads\/2022\/10\/P1040822-2048x1538.jpg 2048w\" sizes=\"auto, (max-width: 767px) 89vw, (max-width: 1000px) 54vw, (max-width: 1071px) 543px, 580px\" \/><\/a><\/figure>\n\n\n\n<figure class=\"wp-block-image size-large\"><a href=\"https:\/\/grain2folie.com\/WordPress2\/wp-content\/uploads\/2022\/10\/G78A1175bs-scaled.jpg\"><img loading=\"lazy\" decoding=\"async\" width=\"1024\" height=\"683\" src=\"https:\/\/grain2folie.com\/WordPress2\/wp-content\/uploads\/2022\/10\/G78A1175bs-1024x683.jpg\" alt=\"\" class=\"wp-image-978\" srcset=\"https:\/\/grain2folie.com\/WordPress2\/wp-content\/uploads\/2022\/10\/G78A1175bs-1024x683.jpg 1024w, https:\/\/grain2folie.com\/WordPress2\/wp-content\/uploads\/2022\/10\/G78A1175bs-300x200.jpg 300w, https:\/\/grain2folie.com\/WordPress2\/wp-content\/uploads\/2022\/10\/G78A1175bs-768x512.jpg 768w, https:\/\/grain2folie.com\/WordPress2\/wp-content\/uploads\/2022\/10\/G78A1175bs-1536x1024.jpg 1536w, https:\/\/grain2folie.com\/WordPress2\/wp-content\/uploads\/2022\/10\/G78A1175bs-2048x1365.jpg 2048w\" sizes=\"auto, (max-width: 767px) 89vw, (max-width: 1000px) 54vw, (max-width: 1071px) 543px, 580px\" \/><\/a><\/figure>\n\n\n\n<figure class=\"wp-block-image size-large\"><a href=\"https:\/\/grain2folie.com\/WordPress2\/wp-content\/uploads\/2022\/10\/G78A1186bs-scaled.jpg\"><img loading=\"lazy\" decoding=\"async\" width=\"1024\" height=\"683\" src=\"https:\/\/grain2folie.com\/WordPress2\/wp-content\/uploads\/2022\/10\/G78A1186bs-1024x683.jpg\" alt=\"\" class=\"wp-image-979\" srcset=\"https:\/\/grain2folie.com\/WordPress2\/wp-content\/uploads\/2022\/10\/G78A1186bs-1024x683.jpg 1024w, https:\/\/grain2folie.com\/WordPress2\/wp-content\/uploads\/2022\/10\/G78A1186bs-300x200.jpg 300w, https:\/\/grain2folie.com\/WordPress2\/wp-content\/uploads\/2022\/10\/G78A1186bs-768x512.jpg 768w, https:\/\/grain2folie.com\/WordPress2\/wp-content\/uploads\/2022\/10\/G78A1186bs-1536x1024.jpg 1536w, https:\/\/grain2folie.com\/WordPress2\/wp-content\/uploads\/2022\/10\/G78A1186bs-2048x1365.jpg 2048w\" sizes=\"auto, (max-width: 767px) 89vw, (max-width: 1000px) 54vw, (max-width: 1071px) 543px, 580px\" \/><\/a><\/figure>\n\n\n\n<figure class=\"wp-block-image size-large\"><a href=\"https:\/\/grain2folie.com\/WordPress2\/wp-content\/uploads\/2022\/10\/G78A1245bs-scaled.jpg\"><img loading=\"lazy\" decoding=\"async\" width=\"1024\" height=\"683\" src=\"https:\/\/grain2folie.com\/WordPress2\/wp-content\/uploads\/2022\/10\/G78A1245bs-1024x683.jpg\" alt=\"\" class=\"wp-image-982\" srcset=\"https:\/\/grain2folie.com\/WordPress2\/wp-content\/uploads\/2022\/10\/G78A1245bs-1024x683.jpg 1024w, https:\/\/grain2folie.com\/WordPress2\/wp-content\/uploads\/2022\/10\/G78A1245bs-300x200.jpg 300w, https:\/\/grain2folie.com\/WordPress2\/wp-content\/uploads\/2022\/10\/G78A1245bs-768x512.jpg 768w, https:\/\/grain2folie.com\/WordPress2\/wp-content\/uploads\/2022\/10\/G78A1245bs-1536x1024.jpg 1536w, https:\/\/grain2folie.com\/WordPress2\/wp-content\/uploads\/2022\/10\/G78A1245bs-2048x1365.jpg 2048w\" sizes=\"auto, (max-width: 767px) 89vw, (max-width: 1000px) 54vw, (max-width: 1071px) 543px, 580px\" \/><\/a><\/figure>\n\n\n\n<figure class=\"wp-block-image size-large\"><a href=\"https:\/\/grain2folie.com\/WordPress2\/wp-content\/uploads\/2022\/10\/G78A1232bs-scaled.jpg\"><img loading=\"lazy\" decoding=\"async\" width=\"1024\" height=\"683\" src=\"https:\/\/grain2folie.com\/WordPress2\/wp-content\/uploads\/2022\/10\/G78A1232bs-1024x683.jpg\" alt=\"\" class=\"wp-image-980\" srcset=\"https:\/\/grain2folie.com\/WordPress2\/wp-content\/uploads\/2022\/10\/G78A1232bs-1024x683.jpg 1024w, https:\/\/grain2folie.com\/WordPress2\/wp-content\/uploads\/2022\/10\/G78A1232bs-300x200.jpg 300w, https:\/\/grain2folie.com\/WordPress2\/wp-content\/uploads\/2022\/10\/G78A1232bs-768x512.jpg 768w, https:\/\/grain2folie.com\/WordPress2\/wp-content\/uploads\/2022\/10\/G78A1232bs-1536x1024.jpg 1536w, https:\/\/grain2folie.com\/WordPress2\/wp-content\/uploads\/2022\/10\/G78A1232bs-2048x1365.jpg 2048w\" sizes=\"auto, (max-width: 767px) 89vw, (max-width: 1000px) 54vw, (max-width: 1071px) 543px, 580px\" \/><\/a><\/figure>\n\n\n\n<figure class=\"wp-block-image size-large\"><a href=\"https:\/\/grain2folie.com\/WordPress2\/wp-content\/uploads\/2022\/10\/G78A1215bs-scaled.jpg\"><img loading=\"lazy\" decoding=\"async\" width=\"1024\" height=\"683\" src=\"https:\/\/grain2folie.com\/WordPress2\/wp-content\/uploads\/2022\/10\/G78A1215bs-1024x683.jpg\" alt=\"\" class=\"wp-image-984\" srcset=\"https:\/\/grain2folie.com\/WordPress2\/wp-content\/uploads\/2022\/10\/G78A1215bs-1024x683.jpg 1024w, https:\/\/grain2folie.com\/WordPress2\/wp-content\/uploads\/2022\/10\/G78A1215bs-300x200.jpg 300w, https:\/\/grain2folie.com\/WordPress2\/wp-content\/uploads\/2022\/10\/G78A1215bs-768x512.jpg 768w, https:\/\/grain2folie.com\/WordPress2\/wp-content\/uploads\/2022\/10\/G78A1215bs-1536x1024.jpg 1536w, https:\/\/grain2folie.com\/WordPress2\/wp-content\/uploads\/2022\/10\/G78A1215bs-2048x1365.jpg 2048w\" sizes=\"auto, (max-width: 767px) 89vw, (max-width: 1000px) 54vw, (max-width: 1071px) 543px, 580px\" \/><\/a><\/figure>\n\n\n\n<figure class=\"wp-block-image size-large\"><a href=\"https:\/\/grain2folie.com\/WordPress2\/wp-content\/uploads\/2022\/10\/G78A1206bs-scaled.jpg\"><img loading=\"lazy\" decoding=\"async\" width=\"1024\" height=\"683\" src=\"https:\/\/grain2folie.com\/WordPress2\/wp-content\/uploads\/2022\/10\/G78A1206bs-1024x683.jpg\" alt=\"\" class=\"wp-image-983\" srcset=\"https:\/\/grain2folie.com\/WordPress2\/wp-content\/uploads\/2022\/10\/G78A1206bs-1024x683.jpg 1024w, https:\/\/grain2folie.com\/WordPress2\/wp-content\/uploads\/2022\/10\/G78A1206bs-300x200.jpg 300w, https:\/\/grain2folie.com\/WordPress2\/wp-content\/uploads\/2022\/10\/G78A1206bs-768x512.jpg 768w, https:\/\/grain2folie.com\/WordPress2\/wp-content\/uploads\/2022\/10\/G78A1206bs-1536x1024.jpg 1536w, https:\/\/grain2folie.com\/WordPress2\/wp-content\/uploads\/2022\/10\/G78A1206bs-2048x1365.jpg 2048w\" sizes=\"auto, (max-width: 767px) 89vw, (max-width: 1000px) 54vw, (max-width: 1071px) 543px, 580px\" \/><\/a><\/figure>\n","protected":false},"excerpt":{"rendered":"<p>LE CHOIX une com\u00e9die de Jean-Marc Magnoni avec M\u00e9lanie D&rsquo;Almeida et Yvon Carpier cr\u00e9ation 2021 de la compagnie Grain2Folie Pitch Un accident&#8230;un appel t\u00e9l\u00e9phonique anonyme&#8230;un rendez-vous \u00e9nigmatique&#8230;Vous avez fait le choix d&rsquo;assister \u00e0 une rencontre inattendue, entre deux personnes&#8230;que tout oppose. R\u00e9sum\u00e9 Max Leroy n&rsquo;est pas un saint. Sans aucun \u00e9tat d&rsquo;\u00e2me depuis des ann\u00e9es, &hellip; <\/p>\n<p class=\"link-more\"><a href=\"https:\/\/grain2folie.com\/WordPress2\/le-choix\/\" class=\"more-link\">Continuer la lecture<span class=\"screen-reader-text\"> de &laquo;&nbsp;Le choix&nbsp;&raquo;<\/span><\/a><\/p>\n","protected":false},"author":1,"featured_media":0,"parent":0,"menu_order":0,"comment_status":"closed","ping_status":"closed","template":"","meta":{"footnotes":""},"class_list":["post-858","page","type-page","status-publish","hentry"],"_links":{"self":[{"href":"https:\/\/grain2folie.com\/WordPress2\/wp-json\/wp\/v2\/pages\/858","targetHints":{"allow":["GET"]}}],"collection":[{"href":"https:\/\/grain2folie.com\/WordPress2\/wp-json\/wp\/v2\/pages"}],"about":[{"href":"https:\/\/grain2folie.com\/WordPress2\/wp-json\/wp\/v2\/types\/page"}],"author":[{"embeddable":true,"href":"https:\/\/grain2folie.com\/WordPress2\/wp-json\/wp\/v2\/users\/1"}],"replies":[{"embeddable":true,"href":"https:\/\/grain2folie.com\/WordPress2\/wp-json\/wp\/v2\/comments?post=858"}],"version-history":[{"count":21,"href":"https:\/\/grain2folie.com\/WordPress2\/wp-json\/wp\/v2\/pages\/858\/revisions"}],"predecessor-version":[{"id":1064,"href":"https:\/\/grain2folie.com\/WordPress2\/wp-json\/wp\/v2\/pages\/858\/revisions\/1064"}],"wp:attachment":[{"href":"https:\/\/grain2folie.com\/WordPress2\/wp-json\/wp\/v2\/media?parent=858"}],"curies":[{"name":"wp","href":"https:\/\/api.w.org\/{rel}","templated":true}]}}