{"id":912,"date":"2022-09-15T22:38:39","date_gmt":"2022-09-15T20:38:39","guid":{"rendered":"https:\/\/grain2folie.com\/WordPress2\/?page_id=912"},"modified":"2024-02-16T07:32:22","modified_gmt":"2024-02-16T06:32:22","slug":"miel-et-youni","status":"publish","type":"page","link":"https:\/\/grain2folie.com\/WordPress2\/miel-et-youni\/","title":{"rendered":"Miel et Youni"},"content":{"rendered":"\n<p class=\"has-text-align-center\">Spectacle pour enfants cr\u00e9\u00e9 en 2022<\/p>\n\n\n\n<p class=\"has-text-align-center\">\u00e0 partir de 3 ans<\/p>\n\n\n<div class=\"wp-block-image\">\n<figure class=\"aligncenter size-large is-resized\"><a href=\"https:\/\/grain2folie.com\/WordPress2\/wp-content\/uploads\/2022\/09\/AFFICHE-MIEL-et-YOUNI-scaled.jpg\"><img loading=\"lazy\" decoding=\"async\" src=\"https:\/\/grain2folie.com\/WordPress2\/wp-content\/uploads\/2022\/09\/AFFICHE-MIEL-et-YOUNI-728x1024.jpg\" alt=\"\" class=\"wp-image-924\" width=\"418\" height=\"588\" srcset=\"https:\/\/grain2folie.com\/WordPress2\/wp-content\/uploads\/2022\/09\/AFFICHE-MIEL-et-YOUNI-728x1024.jpg 728w, https:\/\/grain2folie.com\/WordPress2\/wp-content\/uploads\/2022\/09\/AFFICHE-MIEL-et-YOUNI-213x300.jpg 213w, https:\/\/grain2folie.com\/WordPress2\/wp-content\/uploads\/2022\/09\/AFFICHE-MIEL-et-YOUNI-768x1080.jpg 768w, https:\/\/grain2folie.com\/WordPress2\/wp-content\/uploads\/2022\/09\/AFFICHE-MIEL-et-YOUNI-1093x1536.jpg 1093w, https:\/\/grain2folie.com\/WordPress2\/wp-content\/uploads\/2022\/09\/AFFICHE-MIEL-et-YOUNI-1457x2048.jpg 1457w, https:\/\/grain2folie.com\/WordPress2\/wp-content\/uploads\/2022\/09\/AFFICHE-MIEL-et-YOUNI-scaled.jpg 1821w\" sizes=\"auto, (max-width: 418px) 100vw, 418px\" \/><\/a><\/figure>\n<\/div>\n\n\n<p class=\"has-text-align-left\">L&rsquo;univers de Miel et Youni, c&rsquo;est un peu la folie\u00a0! Et c&rsquo;est surtout un monde de d\u00e9couvertes, de surprises et de rires. D\u00e9tendez-vous&#8230;respirez un coup&#8230;et amusez-vous avec ces 2 fantasques et attachants personnages.<\/p>\n\n\n\n<figure class=\"wp-block-embed is-type-video is-provider-youtube wp-block-embed-youtube wp-embed-aspect-16-9 wp-has-aspect-ratio\"><div class=\"wp-block-embed__wrapper\">\n<iframe loading=\"lazy\" title=\"Bande annonce Miel et Youni\" width=\"525\" height=\"295\" src=\"https:\/\/www.youtube.com\/embed\/EhRceOPS1Gc?feature=oembed\" frameborder=\"0\" allow=\"accelerometer; autoplay; clipboard-write; encrypted-media; gyroscope; picture-in-picture; web-share\" referrerpolicy=\"strict-origin-when-cross-origin\" allowfullscreen><\/iframe>\n<\/div><\/figure>\n\n\n\n<p>Retrouvez le dossier de pr\u00e9sentation complet de ce spectacle ici : <\/p>\n\n\n\n<div data-wp-interactive=\"core\/file\" class=\"wp-block-file\"><object data-wp-bind--hidden=\"!state.hasPdfPreview\" hidden class=\"wp-block-file__embed\" data=\"https:\/\/grain2folie.com\/WordPress2\/wp-content\/uploads\/2023\/05\/Dossier-presentation-Miel-et-Youni-1.pdf\" type=\"application\/pdf\" style=\"width:100%;height:600px\" aria-label=\"Contenu embarqu\u00e9 Dossier-presentation-Miel-et-Youni-1.\"><\/object><a id=\"wp-block-file--media-884eeb1b-a779-4d23-90eb-3fa94886f423\" href=\"https:\/\/grain2folie.com\/WordPress2\/wp-content\/uploads\/2023\/05\/Dossier-presentation-Miel-et-Youni-1.pdf\">Dossier-presentation-Miel-et-Youni-1<\/a><a href=\"https:\/\/grain2folie.com\/WordPress2\/wp-content\/uploads\/2023\/05\/Dossier-presentation-Miel-et-Youni-1.pdf\" class=\"wp-block-file__button wp-element-button\" download aria-describedby=\"wp-block-file--media-884eeb1b-a779-4d23-90eb-3fa94886f423\">Dossier Miel et Youni <br>T\u00e9l\u00e9charger<\/a><\/div>\n\n\n\n<figure class=\"wp-block-image size-large\"><a href=\"https:\/\/grain2folie.com\/WordPress2\/wp-content\/uploads\/2023\/03\/P1050860-scaled.jpg\"><img loading=\"lazy\" decoding=\"async\" width=\"1024\" height=\"765\" src=\"https:\/\/grain2folie.com\/WordPress2\/wp-content\/uploads\/2023\/03\/P1050860-1024x765.jpg\" alt=\"\" class=\"wp-image-1039\" srcset=\"https:\/\/grain2folie.com\/WordPress2\/wp-content\/uploads\/2023\/03\/P1050860-1024x765.jpg 1024w, https:\/\/grain2folie.com\/WordPress2\/wp-content\/uploads\/2023\/03\/P1050860-300x224.jpg 300w, https:\/\/grain2folie.com\/WordPress2\/wp-content\/uploads\/2023\/03\/P1050860-768x573.jpg 768w, https:\/\/grain2folie.com\/WordPress2\/wp-content\/uploads\/2023\/03\/P1050860-1536x1147.jpg 1536w, https:\/\/grain2folie.com\/WordPress2\/wp-content\/uploads\/2023\/03\/P1050860-2048x1529.jpg 2048w\" sizes=\"auto, (max-width: 767px) 89vw, (max-width: 1000px) 54vw, (max-width: 1071px) 543px, 580px\" \/><\/a><\/figure>\n\n\n\n<p><\/p>\n\n\n\n<figure class=\"wp-block-image size-large\"><a href=\"https:\/\/grain2folie.com\/WordPress2\/wp-content\/uploads\/2023\/03\/P1050840-scaled.jpg\"><img loading=\"lazy\" decoding=\"async\" width=\"1024\" height=\"853\" src=\"https:\/\/grain2folie.com\/WordPress2\/wp-content\/uploads\/2023\/03\/P1050840-1024x853.jpg\" alt=\"\" class=\"wp-image-1040\" srcset=\"https:\/\/grain2folie.com\/WordPress2\/wp-content\/uploads\/2023\/03\/P1050840-1024x853.jpg 1024w, https:\/\/grain2folie.com\/WordPress2\/wp-content\/uploads\/2023\/03\/P1050840-300x250.jpg 300w, https:\/\/grain2folie.com\/WordPress2\/wp-content\/uploads\/2023\/03\/P1050840-768x639.jpg 768w, https:\/\/grain2folie.com\/WordPress2\/wp-content\/uploads\/2023\/03\/P1050840-1536x1279.jpg 1536w, https:\/\/grain2folie.com\/WordPress2\/wp-content\/uploads\/2023\/03\/P1050840-2048x1705.jpg 2048w\" sizes=\"auto, (max-width: 767px) 89vw, (max-width: 1000px) 54vw, (max-width: 1071px) 543px, 580px\" \/><\/a><\/figure>\n\n\n\n<figure class=\"wp-block-image size-large\"><a href=\"https:\/\/grain2folie.com\/WordPress2\/wp-content\/uploads\/2023\/03\/P1050843-scaled.jpg\"><img loading=\"lazy\" decoding=\"async\" width=\"1024\" height=\"769\" src=\"https:\/\/grain2folie.com\/WordPress2\/wp-content\/uploads\/2023\/03\/P1050843-1024x769.jpg\" alt=\"\" class=\"wp-image-1041\" srcset=\"https:\/\/grain2folie.com\/WordPress2\/wp-content\/uploads\/2023\/03\/P1050843-1024x769.jpg 1024w, https:\/\/grain2folie.com\/WordPress2\/wp-content\/uploads\/2023\/03\/P1050843-300x225.jpg 300w, https:\/\/grain2folie.com\/WordPress2\/wp-content\/uploads\/2023\/03\/P1050843-768x577.jpg 768w, https:\/\/grain2folie.com\/WordPress2\/wp-content\/uploads\/2023\/03\/P1050843-1536x1154.jpg 1536w, https:\/\/grain2folie.com\/WordPress2\/wp-content\/uploads\/2023\/03\/P1050843-2048x1539.jpg 2048w\" sizes=\"auto, (max-width: 767px) 89vw, (max-width: 1000px) 54vw, (max-width: 1071px) 543px, 580px\" \/><\/a><\/figure>\n\n\n\n<figure class=\"wp-block-image size-large\"><a href=\"https:\/\/grain2folie.com\/WordPress2\/wp-content\/uploads\/2023\/03\/P1050872.jpg\"><img loading=\"lazy\" decoding=\"async\" width=\"1024\" height=\"719\" src=\"https:\/\/grain2folie.com\/WordPress2\/wp-content\/uploads\/2023\/03\/P1050872-1024x719.jpg\" alt=\"\" class=\"wp-image-1042\" srcset=\"https:\/\/grain2folie.com\/WordPress2\/wp-content\/uploads\/2023\/03\/P1050872-1024x719.jpg 1024w, https:\/\/grain2folie.com\/WordPress2\/wp-content\/uploads\/2023\/03\/P1050872-300x211.jpg 300w, https:\/\/grain2folie.com\/WordPress2\/wp-content\/uploads\/2023\/03\/P1050872-768x539.jpg 768w, https:\/\/grain2folie.com\/WordPress2\/wp-content\/uploads\/2023\/03\/P1050872-1536x1078.jpg 1536w, https:\/\/grain2folie.com\/WordPress2\/wp-content\/uploads\/2023\/03\/P1050872-2048x1438.jpg 2048w\" sizes=\"auto, (max-width: 767px) 89vw, (max-width: 1000px) 54vw, (max-width: 1071px) 543px, 580px\" \/><\/a><\/figure>\n\n\n\n<figure class=\"wp-block-image size-large\"><a href=\"https:\/\/grain2folie.com\/WordPress2\/wp-content\/uploads\/2023\/03\/P1050894-scaled.jpg\"><img loading=\"lazy\" decoding=\"async\" width=\"1024\" height=\"729\" src=\"https:\/\/grain2folie.com\/WordPress2\/wp-content\/uploads\/2023\/03\/P1050894-1024x729.jpg\" alt=\"\" class=\"wp-image-1043\" srcset=\"https:\/\/grain2folie.com\/WordPress2\/wp-content\/uploads\/2023\/03\/P1050894-1024x729.jpg 1024w, https:\/\/grain2folie.com\/WordPress2\/wp-content\/uploads\/2023\/03\/P1050894-300x214.jpg 300w, https:\/\/grain2folie.com\/WordPress2\/wp-content\/uploads\/2023\/03\/P1050894-768x547.jpg 768w, https:\/\/grain2folie.com\/WordPress2\/wp-content\/uploads\/2023\/03\/P1050894-1536x1093.jpg 1536w, https:\/\/grain2folie.com\/WordPress2\/wp-content\/uploads\/2023\/03\/P1050894-2048x1458.jpg 2048w\" sizes=\"auto, (max-width: 767px) 89vw, (max-width: 1000px) 54vw, (max-width: 1071px) 543px, 580px\" \/><\/a><\/figure>\n\n\n\n<figure class=\"wp-block-image size-large\"><a href=\"https:\/\/grain2folie.com\/WordPress2\/wp-content\/uploads\/2023\/03\/P1050890-scaled.jpg\"><img loading=\"lazy\" decoding=\"async\" width=\"1024\" height=\"758\" src=\"https:\/\/grain2folie.com\/WordPress2\/wp-content\/uploads\/2023\/03\/P1050890-1024x758.jpg\" alt=\"\" class=\"wp-image-1044\" srcset=\"https:\/\/grain2folie.com\/WordPress2\/wp-content\/uploads\/2023\/03\/P1050890-1024x758.jpg 1024w, https:\/\/grain2folie.com\/WordPress2\/wp-content\/uploads\/2023\/03\/P1050890-300x222.jpg 300w, https:\/\/grain2folie.com\/WordPress2\/wp-content\/uploads\/2023\/03\/P1050890-768x569.jpg 768w, https:\/\/grain2folie.com\/WordPress2\/wp-content\/uploads\/2023\/03\/P1050890-1536x1138.jpg 1536w, https:\/\/grain2folie.com\/WordPress2\/wp-content\/uploads\/2023\/03\/P1050890-2048x1517.jpg 2048w\" sizes=\"auto, (max-width: 767px) 89vw, (max-width: 1000px) 54vw, (max-width: 1071px) 543px, 580px\" \/><\/a><\/figure>\n\n\n\n<figure class=\"wp-block-image size-large\"><a href=\"https:\/\/grain2folie.com\/WordPress2\/wp-content\/uploads\/2023\/03\/P1050842.jpg\"><img loading=\"lazy\" decoding=\"async\" width=\"772\" height=\"1024\" src=\"https:\/\/grain2folie.com\/WordPress2\/wp-content\/uploads\/2023\/03\/P1050842-772x1024.jpg\" alt=\"\" class=\"wp-image-1045\" srcset=\"https:\/\/grain2folie.com\/WordPress2\/wp-content\/uploads\/2023\/03\/P1050842-772x1024.jpg 772w, https:\/\/grain2folie.com\/WordPress2\/wp-content\/uploads\/2023\/03\/P1050842-226x300.jpg 226w, https:\/\/grain2folie.com\/WordPress2\/wp-content\/uploads\/2023\/03\/P1050842-768x1019.jpg 768w, https:\/\/grain2folie.com\/WordPress2\/wp-content\/uploads\/2023\/03\/P1050842-1157x1536.jpg 1157w, https:\/\/grain2folie.com\/WordPress2\/wp-content\/uploads\/2023\/03\/P1050842-1543x2048.jpg 1543w, https:\/\/grain2folie.com\/WordPress2\/wp-content\/uploads\/2023\/03\/P1050842.jpg 1733w\" sizes=\"auto, (max-width: 767px) 89vw, (max-width: 1000px) 54vw, (max-width: 1071px) 543px, 580px\" \/><\/a><\/figure>\n\n\n\n<figure class=\"wp-block-image size-large\"><a href=\"https:\/\/grain2folie.com\/WordPress2\/wp-content\/uploads\/2023\/03\/P1050856.jpg\"><img loading=\"lazy\" decoding=\"async\" width=\"859\" height=\"1024\" src=\"https:\/\/grain2folie.com\/WordPress2\/wp-content\/uploads\/2023\/03\/P1050856-859x1024.jpg\" alt=\"\" class=\"wp-image-1046\" srcset=\"https:\/\/grain2folie.com\/WordPress2\/wp-content\/uploads\/2023\/03\/P1050856-859x1024.jpg 859w, https:\/\/grain2folie.com\/WordPress2\/wp-content\/uploads\/2023\/03\/P1050856-252x300.jpg 252w, https:\/\/grain2folie.com\/WordPress2\/wp-content\/uploads\/2023\/03\/P1050856-768x916.jpg 768w, https:\/\/grain2folie.com\/WordPress2\/wp-content\/uploads\/2023\/03\/P1050856-1288x1536.jpg 1288w, https:\/\/grain2folie.com\/WordPress2\/wp-content\/uploads\/2023\/03\/P1050856-1718x2048.jpg 1718w, https:\/\/grain2folie.com\/WordPress2\/wp-content\/uploads\/2023\/03\/P1050856.jpg 1929w\" sizes=\"auto, (max-width: 767px) 89vw, (max-width: 1000px) 54vw, (max-width: 1071px) 543px, 580px\" \/><\/a><\/figure>\n\n\n\n<figure class=\"wp-block-image size-full is-resized\"><a href=\"https:\/\/grain2folie.com\/WordPress2\/wp-content\/uploads\/2023\/05\/IMG-20230219-WA0004.jpg\"><img loading=\"lazy\" decoding=\"async\" src=\"https:\/\/grain2folie.com\/WordPress2\/wp-content\/uploads\/2023\/05\/IMG-20230219-WA0004.jpg\" alt=\"\" class=\"wp-image-1051\" width=\"442\" height=\"301\" srcset=\"https:\/\/grain2folie.com\/WordPress2\/wp-content\/uploads\/2023\/05\/IMG-20230219-WA0004.jpg 712w, https:\/\/grain2folie.com\/WordPress2\/wp-content\/uploads\/2023\/05\/IMG-20230219-WA0004-300x204.jpg 300w\" sizes=\"auto, (max-width: 442px) 100vw, 442px\" \/><\/a><\/figure>\n\n\n\n<figure class=\"wp-block-image size-full is-resized\"><a href=\"https:\/\/grain2folie.com\/WordPress2\/wp-content\/uploads\/2023\/05\/IMG-20230219-WA0002.jpg\"><img loading=\"lazy\" decoding=\"async\" src=\"https:\/\/grain2folie.com\/WordPress2\/wp-content\/uploads\/2023\/05\/IMG-20230219-WA0002.jpg\" alt=\"\" class=\"wp-image-1052\" width=\"444\" height=\"332\" srcset=\"https:\/\/grain2folie.com\/WordPress2\/wp-content\/uploads\/2023\/05\/IMG-20230219-WA0002.jpg 1024w, https:\/\/grain2folie.com\/WordPress2\/wp-content\/uploads\/2023\/05\/IMG-20230219-WA0002-300x225.jpg 300w, https:\/\/grain2folie.com\/WordPress2\/wp-content\/uploads\/2023\/05\/IMG-20230219-WA0002-768x576.jpg 768w\" sizes=\"auto, (max-width: 444px) 100vw, 444px\" \/><\/a><\/figure>\n","protected":false},"excerpt":{"rendered":"<p>Spectacle pour enfants cr\u00e9\u00e9 en 2022 \u00e0 partir de 3 ans L&rsquo;univers de Miel et Youni, c&rsquo;est un peu la folie\u00a0! Et c&rsquo;est surtout un monde de d\u00e9couvertes, de surprises et de rires. D\u00e9tendez-vous&#8230;respirez un coup&#8230;et amusez-vous avec ces 2 fantasques et attachants personnages. Retrouvez le dossier de pr\u00e9sentation complet de ce spectacle ici :<\/p>\n","protected":false},"author":1,"featured_media":0,"parent":0,"menu_order":0,"comment_status":"closed","ping_status":"closed","template":"","meta":{"footnotes":""},"class_list":["post-912","page","type-page","status-publish","hentry"],"_links":{"self":[{"href":"https:\/\/grain2folie.com\/WordPress2\/wp-json\/wp\/v2\/pages\/912","targetHints":{"allow":["GET"]}}],"collection":[{"href":"https:\/\/grain2folie.com\/WordPress2\/wp-json\/wp\/v2\/pages"}],"about":[{"href":"https:\/\/grain2folie.com\/WordPress2\/wp-json\/wp\/v2\/types\/page"}],"author":[{"embeddable":true,"href":"https:\/\/grain2folie.com\/WordPress2\/wp-json\/wp\/v2\/users\/1"}],"replies":[{"embeddable":true,"href":"https:\/\/grain2folie.com\/WordPress2\/wp-json\/wp\/v2\/comments?post=912"}],"version-history":[{"count":16,"href":"https:\/\/grain2folie.com\/WordPress2\/wp-json\/wp\/v2\/pages\/912\/revisions"}],"predecessor-version":[{"id":1163,"href":"https:\/\/grain2folie.com\/WordPress2\/wp-json\/wp\/v2\/pages\/912\/revisions\/1163"}],"wp:attachment":[{"href":"https:\/\/grain2folie.com\/WordPress2\/wp-json\/wp\/v2\/media?parent=912"}],"curies":[{"name":"wp","href":"https:\/\/api.w.org\/{rel}","templated":true}]}}